{"id":110428,"date":"2026-03-24T09:58:27","date_gmt":"2026-03-24T08:58:52","guid":{"rendered":"https:\/\/www.wundersocks.com\/?post_type=product&#038;p=110428"},"modified":"2026-04-12T12:29:27","modified_gmt":"2026-04-12T10:29:27","slug":"go-abs-merino-socken-fuer-damen-und-herren-anti-rutsch-socken-4pack","status":"publish","type":"product","link":"https:\/\/www.wundersocks.com\/de\/produkt\/go-abs-merino-socken-fuer-damen-und-herren-anti-rutsch-socken-4pack\/","title":{"rendered":"Go ABS Merino Socken f\u00fcr Damen und Herren &#8211; Anti-Rutsch-Socken &#8211; 4Pack"},"content":{"rendered":"<p><strong>4er-Pack Comfort Merino Performance Socken<\/strong><\/p>\n<p>Unsere leichte Merinowollmischung ist darauf ausgelegt, maximalen Komfort bei jeder Bewegung zu bieten. Dieser praktische 4er-Pack ist die perfekte L\u00f6sung f\u00fcr Sportler, Yogis und alle, die lang anhaltende D\u00e4mpfung und Anti-Rutsch-Schutz beim Training suchen. Jedes Paar Socken in diesem Pack ist so konzipiert, dass es Reibung, Blasenbildung und Schwitzen reduziert, ohne dass einengende Gummib\u00e4nder n\u00f6tig sind und verf\u00fcgt \u00fcber eine einzigartige Mischung aus 80 % Merinowolle f\u00fcr Atmungsaktivit\u00e4t, Haltbarkeit, Geruchsresistenz und Weichheit. Handgefertigt in Italien, ist dieser 4er-Pack die ideale Wahl f\u00fcr Zuhause, Fitnessstudio und Yoga.<\/p>\n","protected":false},"excerpt":{"rendered":"<p>4er-Pack Comfort Merino Performance Socken Unsere leichte Merinowollmischung ist darauf ausgelegt, maximalen Komfort bei jeder Bewegung zu bieten. Dieser praktische 4er-Pack ist die perfekte L\u00f6sung f\u00fcr Sportler, Yogis und alle, die lang anhaltende D\u00e4mpfung und Anti-Rutsch-Schutz beim Training suchen. Jedes Paar Socken in diesem Pack ist so konzipiert, dass es Reibung, Blasenbildung und Schwitzen reduziert, [&hellip;]<\/p>\n","protected":false},"featured_media":109128,"template":"","meta":{"_acf_changed":false},"product_brand":[2210],"product_cat":[422,61,889,893,302,999,432,706,2286,2288,35,420,421,36],"product_tag":[1579,1588,1586,1622,1584],"class_list":{"0":"post-110428","1":"product","2":"type-product","3":"status-publish","4":"has-post-thumbnail","6":"product_brand-wundersocks","7":"product_cat-damen-alltagssocken","8":"product_cat-herren-alltagssocken","9":"product_cat-herren-antirutsch-socken","10":"product_cat-damen-antirutsch-socken","11":"product_cat-damen","12":"product_cat-herren","13":"product_cat-damen-knoechelsocken","14":"product_cat-herren-knoechelsocken","15":"product_cat-herren-pilates-socken","16":"product_cat-damen-pilates-socken","17":"product_cat-herren-socken-nach-aktivitaet","18":"product_cat-damen-socken-nach-aktivitaet","19":"product_cat-damen-socken-nach-laenge","20":"product_cat-herren-socken-nach-laenge","21":"product_tag-alltag-de","22":"product_tag-anti-rutsch","23":"product_tag-antirutsch-socken","24":"product_tag-freizeit-de","25":"product_tag-knoechelsocken","27":"first","28":"instock","29":"sale","30":"shipping-taxable","31":"purchasable","32":"product-type-variable","33":"has-default-attributes","34":"wvs-archive-product-wrapper"},"acf":[],"_links":{"self":[{"href":"https:\/\/www.wundersocks.com\/de\/wp-json\/wp\/v2\/product\/110428","targetHints":{"allow":["GET"]}}],"collection":[{"href":"https:\/\/www.wundersocks.com\/de\/wp-json\/wp\/v2\/product"}],"about":[{"href":"https:\/\/www.wundersocks.com\/de\/wp-json\/wp\/v2\/types\/product"}],"wp:featuredmedia":[{"embeddable":true,"href":"https:\/\/www.wundersocks.com\/de\/wp-json\/wp\/v2\/media\/109128"}],"wp:attachment":[{"href":"https:\/\/www.wundersocks.com\/de\/wp-json\/wp\/v2\/media?parent=110428"}],"wp:term":[{"taxonomy":"product_brand","embeddable":true,"href":"https:\/\/www.wundersocks.com\/de\/wp-json\/wp\/v2\/product_brand?post=110428"},{"taxonomy":"product_cat","embeddable":true,"href":"https:\/\/www.wundersocks.com\/de\/wp-json\/wp\/v2\/product_cat?post=110428"},{"taxonomy":"product_tag","embeddable":true,"href":"https:\/\/www.wundersocks.com\/de\/wp-json\/wp\/v2\/product_tag?post=110428"}],"curies":[{"name":"wp","href":"https:\/\/api.w.org\/{rel}","templated":true}]}}