{"id":110411,"date":"2026-03-23T11:49:54","date_gmt":"2026-03-23T10:51:43","guid":{"rendered":"https:\/\/www.wundersocks.com\/?post_type=product&#038;p=110411"},"modified":"2026-04-28T09:46:14","modified_gmt":"2026-04-28T07:46:14","slug":"merino-kompressionssocken-fuer-sport-running-ski-outdoor-2-pack-2","status":"publish","type":"product","link":"https:\/\/www.wundersocks.com\/de\/produkt\/merino-kompressionssocken-fuer-sport-running-ski-outdoor-2-pack-2\/","title":{"rendered":"Merino Kompressionssocken f\u00fcr Sport, Running, Ski &#038; Outdoor &#8211; 2 Pack"},"content":{"rendered":"<p><strong>Maximale Leistung, nat\u00fcrliche Erholung. Jetzt den doppelten Nutzen sichern!<\/strong><\/p>\n<p>Unser Merino Kompressionssocken 2er-Pack kombiniert die Kraft der Kompression mit den un\u00fcbertroffenen Vorteilen der Merinowolle und bietet Ihnen ein Ersatzpaar f\u00fcr kontinuierliche Leistung. Entwickelt f\u00fcr Sportler, die mehr verlangen: mehr Ausdauer, mehr Komfort, weniger Erm\u00fcdung.<\/p>\n<p><strong>Warum Kompression + Merino?<\/strong><\/p>\n<p>W\u00e4hrend Kompression Ihre Muskeln stabilisiert, die Durchblutung f\u00f6rdert und Schwellungen reduziert, sorgt Merinowolle f\u00fcr ein perfektes Klima an Ihren F\u00fc\u00dfen. Kein \u00dcberhitzen, keine Feuchtigkeitsbildung, kein Geruch \u2013 einfach reine Leistung, Tag f\u00fcr Tag mit Ihrem praktischen Doppelpack.<\/p>\n<p><strong>Vom Marathontraining \u00fcber Skipisten bis hin zu rauen Trails<\/strong> \u2013 Merino Kompressionssocken unterst\u00fctzen Sie dort, wo gew\u00f6hnliche Socken versagen. Blasenfrei, geruchsneutral und immer bereit f\u00fcr Ihr n\u00e4chstes Abenteuer.<\/p>\n<p>Hergestellt in Italien.<\/p>\n","protected":false},"excerpt":{"rendered":"<p>Maximale Leistung, nat\u00fcrliche Erholung. Jetzt den doppelten Nutzen sichern! Unser Merino Kompressionssocken 2er-Pack kombiniert die Kraft der Kompression mit den un\u00fcbertroffenen Vorteilen der Merinowolle und bietet Ihnen ein Ersatzpaar f\u00fcr kontinuierliche Leistung. Entwickelt f\u00fcr Sportler, die mehr verlangen: mehr Ausdauer, mehr Komfort, weniger Erm\u00fcdung. Warum Kompression + Merino? W\u00e4hrend Kompression Ihre Muskeln stabilisiert, die Durchblutung [&hellip;]<\/p>\n","protected":false},"featured_media":109116,"template":"","meta":{"_acf_changed":false},"product_brand":[2210],"product_cat":[302,999,433,72,2204,2202,420,35,36,421],"product_tag":[1852,1675,1582,2033],"class_list":{"0":"post-110411","1":"product","2":"type-product","3":"status-publish","4":"has-post-thumbnail","6":"product_brand-wundersocks","7":"product_cat-damen","8":"product_cat-herren","9":"product_cat-damen-kniestruempfe","10":"product_cat-herren-kniestruempfe","11":"product_cat-damen-merino-kompressionssocken","12":"product_cat-herren-merino-kompressionssocken","13":"product_cat-damen-socken-nach-aktivitaet","14":"product_cat-herren-socken-nach-aktivitaet","15":"product_cat-herren-socken-nach-laenge","16":"product_cat-damen-socken-nach-laenge","17":"product_tag-duenne-merino-wolle","18":"product_tag-duenne-socken-de","19":"product_tag-laufen","20":"product_tag-ski-socks-de","22":"first","23":"instock","24":"shipping-taxable","25":"purchasable","26":"product-type-variable","27":"has-default-attributes","28":"wvs-archive-product-wrapper"},"acf":[],"_links":{"self":[{"href":"https:\/\/www.wundersocks.com\/de\/wp-json\/wp\/v2\/product\/110411","targetHints":{"allow":["GET"]}}],"collection":[{"href":"https:\/\/www.wundersocks.com\/de\/wp-json\/wp\/v2\/product"}],"about":[{"href":"https:\/\/www.wundersocks.com\/de\/wp-json\/wp\/v2\/types\/product"}],"wp:featuredmedia":[{"embeddable":true,"href":"https:\/\/www.wundersocks.com\/de\/wp-json\/wp\/v2\/media\/109116"}],"wp:attachment":[{"href":"https:\/\/www.wundersocks.com\/de\/wp-json\/wp\/v2\/media?parent=110411"}],"wp:term":[{"taxonomy":"product_brand","embeddable":true,"href":"https:\/\/www.wundersocks.com\/de\/wp-json\/wp\/v2\/product_brand?post=110411"},{"taxonomy":"product_cat","embeddable":true,"href":"https:\/\/www.wundersocks.com\/de\/wp-json\/wp\/v2\/product_cat?post=110411"},{"taxonomy":"product_tag","embeddable":true,"href":"https:\/\/www.wundersocks.com\/de\/wp-json\/wp\/v2\/product_tag?post=110411"}],"curies":[{"name":"wp","href":"https:\/\/api.w.org\/{rel}","templated":true}]}}