{"id":110383,"date":"2026-03-23T11:56:16","date_gmt":"2026-03-23T10:56:45","guid":{"rendered":"https:\/\/www.wundersocks.com\/?post_type=product&#038;p=110383"},"modified":"2026-05-01T17:29:20","modified_gmt":"2026-05-01T15:29:20","slug":"merino-kompressionssocken-fuer-sport-running-ski-outdoor-2-pack","status":"publish","type":"product","link":"https:\/\/www.wundersocks.com\/de\/produkt\/merino-kompressionssocken-fuer-sport-running-ski-outdoor-2-pack\/","title":{"rendered":"Merino Kompressionssocken f\u00fcr Sport, Running, Ski &#038; Outdoor &#8211; 4 Pack"},"content":{"rendered":"<p><strong>Maximum performance, nat\u00fcrliche Erholung!<\/strong><\/p>\n<p>Unser Merino Kompressionssocken 4er-Pack kombiniert die Kraft der Kompression mit den un\u00fcbertroffenen Vorteilen der Merinowolle und stellt sicher, dass Sie immer ein Paar f\u00fcr Ihre anspruchsvollsten Aktivit\u00e4ten bereit haben. Entwickelt f\u00fcr Sportler, die mehr verlangen: mehr Ausdauer, mehr Komfort, weniger Erm\u00fcdung.<\/p>\n<p><strong>Warum Kompression + Merino?<\/strong><\/p>\n<p>W\u00e4hrend Kompression Ihre Muskeln stabilisiert, die Blutzirkulation ankurbelt und Schwellungen reduziert, sorgt Merinowolle f\u00fcr ein perfektes Klima an Ihren F\u00fc\u00dfen. Keine \u00dcberhitzung, keine Feuchtigkeitsansammlung, kein Geruch \u2013 nur reine, konstante Leistung mit dem unschlagbaren Wert unseres Vierer-Packs.<\/p>\n<p><strong>Vom Marathontraining \u00fcber Skipisten bis hin zu rauen Trails<\/strong> \u2013 Merino Compression Socks unterst\u00fctzen Sie, wo gew\u00f6hnliche Socken versagen. Blasenfrei, geruchsfrei und immer bereit f\u00fcr Ihr n\u00e4chstes Abenteuer.<\/p>\n<p>Hergestellt in Italien.<\/p>\n","protected":false},"excerpt":{"rendered":"<p>Maximum performance, nat\u00fcrliche Erholung! Unser Merino Kompressionssocken 4er-Pack kombiniert die Kraft der Kompression mit den un\u00fcbertroffenen Vorteilen der Merinowolle und stellt sicher, dass Sie immer ein Paar f\u00fcr Ihre anspruchsvollsten Aktivit\u00e4ten bereit haben. Entwickelt f\u00fcr Sportler, die mehr verlangen: mehr Ausdauer, mehr Komfort, weniger Erm\u00fcdung. Warum Kompression + Merino? W\u00e4hrend Kompression Ihre Muskeln stabilisiert, die [&hellip;]<\/p>\n","protected":false},"featured_media":110373,"template":"","meta":{"_acf_changed":false},"product_brand":[2210],"product_cat":[302,999,433,72,2202,2204,420,35,421,36],"product_tag":[1675,1606,1582,2033,1211],"class_list":{"0":"post-110383","1":"product","2":"type-product","3":"status-publish","4":"has-post-thumbnail","6":"product_brand-wundersocks","7":"product_cat-damen","8":"product_cat-herren","9":"product_cat-damen-kniestruempfe","10":"product_cat-herren-kniestruempfe","11":"product_cat-herren-merino-kompressionssocken","12":"product_cat-damen-merino-kompressionssocken","13":"product_cat-damen-socken-nach-aktivitaet","14":"product_cat-herren-socken-nach-aktivitaet","15":"product_cat-damen-socken-nach-laenge","16":"product_cat-herren-socken-nach-laenge","17":"product_tag-duenne-socken-de","18":"product_tag-extra-thin-de","19":"product_tag-laufen","20":"product_tag-ski-socks-de","21":"product_tag-wintersport-de","23":"first","24":"instock","25":"sale","26":"shipping-taxable","27":"purchasable","28":"product-type-variable","29":"has-default-attributes","30":"wvs-archive-product-wrapper"},"acf":[],"_links":{"self":[{"href":"https:\/\/www.wundersocks.com\/de\/wp-json\/wp\/v2\/product\/110383","targetHints":{"allow":["GET"]}}],"collection":[{"href":"https:\/\/www.wundersocks.com\/de\/wp-json\/wp\/v2\/product"}],"about":[{"href":"https:\/\/www.wundersocks.com\/de\/wp-json\/wp\/v2\/types\/product"}],"wp:featuredmedia":[{"embeddable":true,"href":"https:\/\/www.wundersocks.com\/de\/wp-json\/wp\/v2\/media\/110373"}],"wp:attachment":[{"href":"https:\/\/www.wundersocks.com\/de\/wp-json\/wp\/v2\/media?parent=110383"}],"wp:term":[{"taxonomy":"product_brand","embeddable":true,"href":"https:\/\/www.wundersocks.com\/de\/wp-json\/wp\/v2\/product_brand?post=110383"},{"taxonomy":"product_cat","embeddable":true,"href":"https:\/\/www.wundersocks.com\/de\/wp-json\/wp\/v2\/product_cat?post=110383"},{"taxonomy":"product_tag","embeddable":true,"href":"https:\/\/www.wundersocks.com\/de\/wp-json\/wp\/v2\/product_tag?post=110383"}],"curies":[{"name":"wp","href":"https:\/\/api.w.org\/{rel}","templated":true}]}}