{"id":110183,"date":"2026-03-18T09:33:30","date_gmt":"2026-03-18T08:39:35","guid":{"rendered":"https:\/\/www.wundersocks.com\/?post_type=product&#038;p=110183"},"modified":"2026-04-18T17:43:03","modified_gmt":"2026-04-18T15:43:03","slug":"extra-dunne-merino-skisocken-race-lite-4-pack","status":"publish","type":"product","link":"https:\/\/www.wundersocks.com\/de\/produkt\/extra-dunne-merino-skisocken-race-lite-4-pack\/","title":{"rendered":"Extra d\u00fcnne Merino Skisocken Race Lite &#8211; 4 Pack"},"content":{"rendered":"<p>Extra d\u00fcnne Merino Skisocken<br \/>\nUltrad\u00fcnn, pr\u00e4zise und gemacht f\u00fcr Geschwindigkeit. Diese knielangen Merino Skisocken wurden f\u00fcr Skirennen und leistungsorientiertes Skifahren entwickelt und bieten eine zweite-Haut-Passform in engen, ma\u00dfgefertigten oder Rennskischuhen.<br \/>\nDie minimale Materialst\u00e4rke sorgt f\u00fcr maximale Kontrolle und direkte R\u00fcckmeldung, w\u00e4hrend hochwertige Merinowolle deine F\u00fc\u00dfe auch unter intensiven Bedingungen nat\u00fcrlich warm, trocken und komfortabel h\u00e4lt.<\/p>\n","protected":false},"excerpt":{"rendered":"<p>Extra d\u00fcnne Merino Skisocken Ultrad\u00fcnn, pr\u00e4zise und gemacht f\u00fcr Geschwindigkeit. Diese knielangen Merino Skisocken wurden f\u00fcr Skirennen und leistungsorientiertes Skifahren entwickelt und bieten eine zweite-Haut-Passform in engen, ma\u00dfgefertigten oder Rennskischuhen. Die minimale Materialst\u00e4rke sorgt f\u00fcr maximale Kontrolle und direkte R\u00fcckmeldung, w\u00e4hrend hochwertige Merinowolle deine F\u00fc\u00dfe auch unter intensiven Bedingungen nat\u00fcrlich warm, trocken und komfortabel h\u00e4lt.<\/p>\n","protected":false},"featured_media":109098,"template":"","meta":{"_acf_changed":false},"product_brand":[2210],"product_cat":[302,999,433,72,2099,2097,63,428,35,421,36],"product_tag":[1852,1675,2033,1170,2036,1211],"class_list":{"0":"post-110183","1":"product","2":"type-product","3":"status-publish","4":"has-post-thumbnail","6":"product_brand-wundersocks","7":"product_cat-damen","8":"product_cat-herren","9":"product_cat-damen-kniestruempfe","10":"product_cat-herren-kniestruempfe","11":"product_cat-damen-reitsocken","12":"product_cat-herren-reitsocken","13":"product_cat-herren-ski-und-snowboard-socken","14":"product_cat-damen-ski-und-snowboard-socken","15":"product_cat-herren-socken-nach-aktivitaet","16":"product_cat-damen-socken-nach-laenge","17":"product_cat-herren-socken-nach-laenge","18":"product_tag-duenne-merino-wolle","19":"product_tag-duenne-socken-de","20":"product_tag-ski-socks-de","21":"product_tag-skitouren","22":"product_tag-winter-socks-de","23":"product_tag-wintersport-de","25":"first","26":"instock","27":"sale","28":"shipping-taxable","29":"purchasable","30":"product-type-variable","31":"has-default-attributes","32":"wvs-archive-product-wrapper"},"acf":[],"_links":{"self":[{"href":"https:\/\/www.wundersocks.com\/de\/wp-json\/wp\/v2\/product\/110183","targetHints":{"allow":["GET"]}}],"collection":[{"href":"https:\/\/www.wundersocks.com\/de\/wp-json\/wp\/v2\/product"}],"about":[{"href":"https:\/\/www.wundersocks.com\/de\/wp-json\/wp\/v2\/types\/product"}],"wp:featuredmedia":[{"embeddable":true,"href":"https:\/\/www.wundersocks.com\/de\/wp-json\/wp\/v2\/media\/109098"}],"wp:attachment":[{"href":"https:\/\/www.wundersocks.com\/de\/wp-json\/wp\/v2\/media?parent=110183"}],"wp:term":[{"taxonomy":"product_brand","embeddable":true,"href":"https:\/\/www.wundersocks.com\/de\/wp-json\/wp\/v2\/product_brand?post=110183"},{"taxonomy":"product_cat","embeddable":true,"href":"https:\/\/www.wundersocks.com\/de\/wp-json\/wp\/v2\/product_cat?post=110183"},{"taxonomy":"product_tag","embeddable":true,"href":"https:\/\/www.wundersocks.com\/de\/wp-json\/wp\/v2\/product_tag?post=110183"}],"curies":[{"name":"wp","href":"https:\/\/api.w.org\/{rel}","templated":true}]}}