{"id":110161,"date":"2026-03-17T14:01:36","date_gmt":"2026-03-17T13:06:27","guid":{"rendered":"https:\/\/www.wundersocks.com\/?post_type=product&#038;p=110161"},"modified":"2026-04-26T12:21:31","modified_gmt":"2026-04-26T10:21:31","slug":"extra-dunne-merino-skisocken-race-lite-2-pack","status":"publish","type":"product","link":"https:\/\/www.wundersocks.com\/de\/produkt\/extra-dunne-merino-skisocken-race-lite-2-pack\/","title":{"rendered":"Extra d\u00fcnne Merino Skisocken Race Lite &#8211; 2 Pack"},"content":{"rendered":"<p>D\u00fcnne Merino Skisocken \u2013 2er Pack (80 % Merinowolle)<br \/>\nLeicht, warm und gemacht f\u00fcr pr\u00e4zises Fahrgef\u00fchl. Dieses 2er Pack d\u00fcnner Skisocken sorgt f\u00fcr einen engen, direkten Sitz im Skischuh \u2013 f\u00fcr maximale Kontrolle auf der Piste. Gleichzeitig h\u00e4lt die hochwertige Merinowolle deine F\u00fc\u00dfe den ganzen Tag \u00fcber angenehm warm und trocken.<br \/>\nDie nat\u00fcrliche Temperaturregulierung verhindert \u00dcberhitzen, w\u00e4hrend die feinen Fasern Feuchtigkeit ableiten und Ger\u00fcche reduzieren. Perfekt f\u00fcr alle, die ein minimalistisches Tragegef\u00fchl ohne Kompromisse bei Komfort und Performance suchen.<\/p>\n","protected":false},"excerpt":{"rendered":"<p>D\u00fcnne Merino Skisocken \u2013 2er Pack (80 % Merinowolle) Leicht, warm und gemacht f\u00fcr pr\u00e4zises Fahrgef\u00fchl. Dieses 2er Pack d\u00fcnner Skisocken sorgt f\u00fcr einen engen, direkten Sitz im Skischuh \u2013 f\u00fcr maximale Kontrolle auf der Piste. Gleichzeitig h\u00e4lt die hochwertige Merinowolle deine F\u00fc\u00dfe den ganzen Tag \u00fcber angenehm warm und trocken. Die nat\u00fcrliche Temperaturregulierung verhindert [&hellip;]<\/p>\n","protected":false},"featured_media":109095,"template":"","meta":{"_acf_changed":false},"product_brand":[2210],"product_cat":[302,999,72,433,2099,2097,63,428,35,420,36,421],"product_tag":[1675,2033,2036,1211],"class_list":{"0":"post-110161","1":"product","2":"type-product","3":"status-publish","4":"has-post-thumbnail","6":"product_brand-wundersocks","7":"product_cat-damen","8":"product_cat-herren","9":"product_cat-herren-kniestruempfe","10":"product_cat-damen-kniestruempfe","11":"product_cat-damen-reitsocken","12":"product_cat-herren-reitsocken","13":"product_cat-herren-ski-und-snowboard-socken","14":"product_cat-damen-ski-und-snowboard-socken","15":"product_cat-herren-socken-nach-aktivitaet","16":"product_cat-damen-socken-nach-aktivitaet","17":"product_cat-herren-socken-nach-laenge","18":"product_cat-damen-socken-nach-laenge","19":"product_tag-duenne-socken-de","20":"product_tag-ski-socks-de","21":"product_tag-winter-socks-de","22":"product_tag-wintersport-de","24":"first","25":"instock","26":"shipping-taxable","27":"purchasable","28":"product-type-variable","29":"has-default-attributes","30":"wvs-archive-product-wrapper"},"acf":[],"_links":{"self":[{"href":"https:\/\/www.wundersocks.com\/de\/wp-json\/wp\/v2\/product\/110161","targetHints":{"allow":["GET"]}}],"collection":[{"href":"https:\/\/www.wundersocks.com\/de\/wp-json\/wp\/v2\/product"}],"about":[{"href":"https:\/\/www.wundersocks.com\/de\/wp-json\/wp\/v2\/types\/product"}],"wp:featuredmedia":[{"embeddable":true,"href":"https:\/\/www.wundersocks.com\/de\/wp-json\/wp\/v2\/media\/109095"}],"wp:attachment":[{"href":"https:\/\/www.wundersocks.com\/de\/wp-json\/wp\/v2\/media?parent=110161"}],"wp:term":[{"taxonomy":"product_brand","embeddable":true,"href":"https:\/\/www.wundersocks.com\/de\/wp-json\/wp\/v2\/product_brand?post=110161"},{"taxonomy":"product_cat","embeddable":true,"href":"https:\/\/www.wundersocks.com\/de\/wp-json\/wp\/v2\/product_cat?post=110161"},{"taxonomy":"product_tag","embeddable":true,"href":"https:\/\/www.wundersocks.com\/de\/wp-json\/wp\/v2\/product_tag?post=110161"}],"curies":[{"name":"wp","href":"https:\/\/api.w.org\/{rel}","templated":true}]}}