{"id":10936,"date":"2023-08-11T15:44:47","date_gmt":"2023-08-11T13:44:47","guid":{"rendered":"https:\/\/www.wundersocks.com\/product\/damen-merino-wollsocken-set-4-pack\/"},"modified":"2026-03-16T14:21:32","modified_gmt":"2026-03-16T13:21:32","slug":"damen-merino-wollsocken-set-4-pack","status":"publish","type":"product","link":"https:\/\/www.wundersocks.com\/de\/produkt\/damen-merino-wollsocken-set-4-pack\/","title":{"rendered":"Damen Merino Wollsocken Set 4-Pack"},"content":{"rendered":"<p>Damen Kn\u00f6chelsocken 4er-Pack. Weich und mit einer Polsterung an Sohle und Ferse, um Ihre F\u00fc\u00dfe zu sch\u00fctzen. Perfekt f\u00fcr jede k\u00f6rperliche Aktivit\u00e4t. Unser hoher Anteil an Merinowolle (80 %) verhindert Blasen, Reibung und Schwei\u00dfbildung. Dank unserer Merinomischung k\u00f6nnen Sie die Socken mehrere Tage tragen, ohne sie waschen zu m\u00fcssen. Ohne zus\u00e4tzliches Gummiband f\u00fcr mehr Komfort.<\/p>\n","protected":false},"excerpt":{"rendered":"<p>Damen Kn\u00f6chelsocken 4er-Pack. Weich und mit einer Polsterung an Sohle und Ferse, um Ihre F\u00fc\u00dfe zu sch\u00fctzen. Perfekt f\u00fcr jede k\u00f6rperliche Aktivit\u00e4t. Unser hoher Anteil an Merinowolle (80 %) verhindert Blasen, Reibung und Schwei\u00dfbildung. Dank unserer Merinomischung k\u00f6nnen Sie die Socken mehrere Tage tragen, ohne sie waschen zu m\u00fcssen. Ohne zus\u00e4tzliches Gummiband f\u00fcr mehr Komfort.<\/p>\n","protected":false},"featured_media":5870,"template":"","meta":{"_acf_changed":false},"product_brand":[],"product_cat":[422,302,426,2116,2114,999,706,432,425,2110,420,35,421,36,37,423],"product_tag":[1582,1576,1668,1612],"class_list":{"0":"post-10936","1":"product","2":"type-product","3":"status-publish","4":"has-post-thumbnail","6":"product_cat-damen-alltagssocken","7":"product_cat-damen","8":"product_cat-damen-fahrradsocken","9":"product_cat-damen-golf-socken","10":"product_cat-herren-golf-socken","11":"product_cat-herren","12":"product_cat-herren-knoechelsocken","13":"product_cat-damen-knoechelsocken","14":"product_cat-damen-laufsocken","15":"product_cat-herren-padel-tennis-socken","16":"product_cat-damen-socken-nach-aktivitaet","17":"product_cat-herren-socken-nach-aktivitaet","18":"product_cat-damen-socken-nach-laenge","19":"product_cat-herren-socken-nach-laenge","20":"product_cat-herren-wandersocken","21":"product_cat-damen-wandersocken","22":"product_tag-laufen","23":"product_tag-ciclismo","24":"product_tag-sportsocken-de","25":"product_tag-wandern-de","27":"first","28":"instock","29":"sale","30":"shipping-taxable","31":"purchasable","32":"product-type-variable","33":"has-default-attributes","34":"wvs-archive-product-wrapper"},"acf":[],"_links":{"self":[{"href":"https:\/\/www.wundersocks.com\/de\/wp-json\/wp\/v2\/product\/10936","targetHints":{"allow":["GET"]}}],"collection":[{"href":"https:\/\/www.wundersocks.com\/de\/wp-json\/wp\/v2\/product"}],"about":[{"href":"https:\/\/www.wundersocks.com\/de\/wp-json\/wp\/v2\/types\/product"}],"wp:featuredmedia":[{"embeddable":true,"href":"https:\/\/www.wundersocks.com\/de\/wp-json\/wp\/v2\/media\/5870"}],"wp:attachment":[{"href":"https:\/\/www.wundersocks.com\/de\/wp-json\/wp\/v2\/media?parent=10936"}],"wp:term":[{"taxonomy":"product_brand","embeddable":true,"href":"https:\/\/www.wundersocks.com\/de\/wp-json\/wp\/v2\/product_brand?post=10936"},{"taxonomy":"product_cat","embeddable":true,"href":"https:\/\/www.wundersocks.com\/de\/wp-json\/wp\/v2\/product_cat?post=10936"},{"taxonomy":"product_tag","embeddable":true,"href":"https:\/\/www.wundersocks.com\/de\/wp-json\/wp\/v2\/product_tag?post=10936"}],"curies":[{"name":"wp","href":"https:\/\/api.w.org\/{rel}","templated":true}]}}