{"id":10904,"date":"2023-08-11T03:52:17","date_gmt":"2023-08-11T01:52:17","guid":{"rendered":"https:\/\/www.wundersocks.com\/product\/trek-gepolsterte-trekking-socken-merinowolle-wandersocken-gegen-blasen-4-pack\/"},"modified":"2026-05-13T09:23:28","modified_gmt":"2026-05-13T07:23:28","slug":"trek-gepolsterte-trekking-socken-merinowolle-wandersocken-gegen-blasen-4-pack","status":"publish","type":"product","link":"https:\/\/www.wundersocks.com\/de\/produkt\/trek-gepolsterte-trekking-socken-merinowolle-wandersocken-gegen-blasen-4-pack\/","title":{"rendered":"TREK Gepolsterte Trekking Socken Merinowolle Wandersocken Gegen Blasen 4-Pack"},"content":{"rendered":"<p>Ob beim Wandern durch das verschneite Tal oder in den Bergen, Trek ist der perfekte Trekking Socken f\u00fcr aktive Wintermenschen. Unsere Trekking Socken sind aus Merinowolle gefertigt und vollst\u00e4ndig gepolstert. Trek sch\u00fctzt Sie bei jedem Winterabenteuer vor schmerzhaften Druckstellen und Blasen.<\/p>\n","protected":false},"excerpt":{"rendered":"<p>Ob beim Wandern durch das verschneite Tal oder in den Bergen, Trek ist der perfekte Trekking Socken f\u00fcr aktive Wintermenschen. Unsere Trekking Socken sind aus Merinowolle gefertigt und vollst\u00e4ndig gepolstert. Trek sch\u00fctzt Sie bei jedem Winterabenteuer vor schmerzhaften Druckstellen und Blasen.<\/p>\n","protected":false},"featured_media":6059,"template":"","meta":{"_acf_changed":false},"product_brand":[],"product_cat":[302,999,35,420,36,421,2083,2082,37,423,62,429],"product_tag":[1168,1614,1612,1678],"class_list":{"0":"post-10904","1":"product","2":"type-product","3":"status-publish","4":"has-post-thumbnail","6":"product_cat-damen","7":"product_cat-herren","8":"product_cat-herren-socken-nach-aktivitaet","9":"product_cat-damen-socken-nach-aktivitaet","10":"product_cat-herren-socken-nach-laenge","11":"product_cat-damen-socken-nach-laenge","12":"product_cat-herren-ueberwade-socken","13":"product_cat-damen-ueberwade-socken","14":"product_cat-herren-wandersocken","15":"product_cat-damen-wandersocken","16":"product_cat-herren-warme-wintersocken","17":"product_cat-damen-warme-wintersocken","18":"product_tag-trekking","19":"product_tag-wander-socken","20":"product_tag-wandern-de","21":"product_tag-wandersocken-de","23":"first","24":"instock","25":"sale","26":"shipping-taxable","27":"purchasable","28":"product-type-variable","29":"has-default-attributes","30":"wvs-archive-product-wrapper"},"acf":[],"_links":{"self":[{"href":"https:\/\/www.wundersocks.com\/de\/wp-json\/wp\/v2\/product\/10904","targetHints":{"allow":["GET"]}}],"collection":[{"href":"https:\/\/www.wundersocks.com\/de\/wp-json\/wp\/v2\/product"}],"about":[{"href":"https:\/\/www.wundersocks.com\/de\/wp-json\/wp\/v2\/types\/product"}],"wp:featuredmedia":[{"embeddable":true,"href":"https:\/\/www.wundersocks.com\/de\/wp-json\/wp\/v2\/media\/6059"}],"wp:attachment":[{"href":"https:\/\/www.wundersocks.com\/de\/wp-json\/wp\/v2\/media?parent=10904"}],"wp:term":[{"taxonomy":"product_brand","embeddable":true,"href":"https:\/\/www.wundersocks.com\/de\/wp-json\/wp\/v2\/product_brand?post=10904"},{"taxonomy":"product_cat","embeddable":true,"href":"https:\/\/www.wundersocks.com\/de\/wp-json\/wp\/v2\/product_cat?post=10904"},{"taxonomy":"product_tag","embeddable":true,"href":"https:\/\/www.wundersocks.com\/de\/wp-json\/wp\/v2\/product_tag?post=10904"}],"curies":[{"name":"wp","href":"https:\/\/api.w.org\/{rel}","templated":true}]}}