{"id":109019,"date":"2026-02-17T14:11:15","date_gmt":"2026-03-04T13:34:23","guid":{"rendered":"https:\/\/www.wundersocks.com\/?post_type=product&#038;p=109019"},"modified":"2026-03-06T11:03:22","modified_gmt":"2026-03-06T10:03:22","slug":"alp-dots-merino-freizeitsocken-im-trendigen-farben-punktmuster-12-pack","status":"publish","type":"product","link":"https:\/\/www.wundersocks.com\/de\/produkt\/alp-dots-merino-freizeitsocken-im-trendigen-farben-punktmuster-12-pack\/","title":{"rendered":"Merino Freizeitsocken im Trendigen Farben Punktmuster (12-Pack)"},"content":{"rendered":"<p>Lust auf entspannten Stil mit sp\u00fcrbarem Komfort? Unsere Merino Freizeitsocken Alp Dots verbinden modisches Design mit nat\u00fcrlicher Funktion. Dezente Punkte treffen auf hochwertige Merinowolle \u2013 f\u00fcr einen Look, der zu Jeans genauso passt wie ins B\u00fcro. Die weiche, leicht gepolsterte Struktur sch\u00fctzt vor Reibung, Blasen und Druckstellen und sorgt f\u00fcr ein angenehmes Tragegef\u00fchl vom Morgen bis zum Abend. Gleichzeitig reguliert Merinowolle Feuchtigkeit und Temperatur auf nat\u00fcrliche Weise \u2013 f\u00fcr ein angenehmes Tragegef\u00fchl den ganzen Tag. Modern im Stil. Verl\u00e4sslich im Komfort. Tag f\u00fcr Tag.<\/p>\n","protected":false},"excerpt":{"rendered":"<p>Lust auf entspannten Stil mit sp\u00fcrbarem Komfort? Unsere Merino Freizeitsocken Alp Dots verbinden modisches Design mit nat\u00fcrlicher Funktion. Dezente Punkte treffen auf hochwertige Merinowolle \u2013 f\u00fcr einen Look, der zu Jeans genauso passt wie ins B\u00fcro. Die weiche, leicht gepolsterte Struktur sch\u00fctzt vor Reibung, Blasen und Druckstellen und sorgt f\u00fcr ein angenehmes Tragegef\u00fchl vom Morgen [&hellip;]<\/p>\n","protected":false},"featured_media":108996,"template":"","meta":{"_acf_changed":false},"product_brand":[2210],"product_cat":[422,61,424,59,302,65,426,999,38,425,1964,420,35,36,421,1185,1184,435,71],"product_tag":[],"class_list":{"0":"post-109019","1":"product","2":"type-product","3":"status-publish","4":"has-post-thumbnail","6":"product_brand-wundersocks","7":"product_cat-damen-alltagssocken","8":"product_cat-herren-alltagssocken","9":"product_cat-damen-business-socken","10":"product_cat-herren-business-socken","11":"product_cat-damen","12":"product_cat-herren-fahrradsocken","13":"product_cat-damen-fahrradsocken","14":"product_cat-herren","15":"product_cat-herren-laufsocken","16":"product_cat-damen-laufsocken","17":"product_cat-muttertagsgeschenke","18":"product_cat-damen-socken-nach-aktivitaet","19":"product_cat-herren-socken-nach-aktivitaet","20":"product_cat-herren-socken-nach-laenge","21":"product_cat-damen-socken-nach-laenge","22":"product_cat-damen-valentinstag-geschenkideen","23":"product_cat-herren-valentinstag-geschenkideen","24":"product_cat-damen-wadensocken","25":"product_cat-herren-wadensocken","27":"first","28":"instock","29":"sale","30":"shipping-taxable","31":"purchasable","32":"product-type-variable","33":"has-default-attributes","34":"wvs-archive-product-wrapper"},"acf":[],"_links":{"self":[{"href":"https:\/\/www.wundersocks.com\/de\/wp-json\/wp\/v2\/product\/109019","targetHints":{"allow":["GET"]}}],"collection":[{"href":"https:\/\/www.wundersocks.com\/de\/wp-json\/wp\/v2\/product"}],"about":[{"href":"https:\/\/www.wundersocks.com\/de\/wp-json\/wp\/v2\/types\/product"}],"wp:featuredmedia":[{"embeddable":true,"href":"https:\/\/www.wundersocks.com\/de\/wp-json\/wp\/v2\/media\/108996"}],"wp:attachment":[{"href":"https:\/\/www.wundersocks.com\/de\/wp-json\/wp\/v2\/media?parent=109019"}],"wp:term":[{"taxonomy":"product_brand","embeddable":true,"href":"https:\/\/www.wundersocks.com\/de\/wp-json\/wp\/v2\/product_brand?post=109019"},{"taxonomy":"product_cat","embeddable":true,"href":"https:\/\/www.wundersocks.com\/de\/wp-json\/wp\/v2\/product_cat?post=109019"},{"taxonomy":"product_tag","embeddable":true,"href":"https:\/\/www.wundersocks.com\/de\/wp-json\/wp\/v2\/product_tag?post=109019"}],"curies":[{"name":"wp","href":"https:\/\/api.w.org\/{rel}","templated":true}]}}