{"id":108915,"date":"2026-02-17T10:41:46","date_gmt":"2026-03-05T08:24:47","guid":{"rendered":"https:\/\/www.wundersocks.com\/?post_type=product&#038;p=108915"},"modified":"2026-04-06T20:00:20","modified_gmt":"2026-04-06T18:00:20","slug":"merinotex-wellness-socken-mit-arganol-4-pack","status":"publish","type":"product","link":"https:\/\/www.wundersocks.com\/de\/produkt\/merinotex-wellness-socken-mit-arganol-4-pack\/","title":{"rendered":"Merinotex Wellness Socken mit Argan\u00f6l 4-Pack"},"content":{"rendered":"<p>F\u00fcr t\u00e4glichen Komfort entwickelt. Diese Merinotex Wellness-Socken mit Argan\u00f6l unterst\u00fctzen ein weiches, gepflegtes Fu\u00dfgef\u00fchl den ganzen Tag \u00fcber. Die atmungsaktive Merinowolle reguliert auf nat\u00fcrliche Weise die Temperatur, w\u00e4hrend der nicht einschn\u00fcrende Bund f\u00fcr eine sanfte Passform ohne Druck oder Einschneiden sorgt. Ideal f\u00fcr lange Tage, empfindliche Haut und den t\u00e4glichen Gebrauch.<\/p>\n","protected":false},"excerpt":{"rendered":"<p>F\u00fcr t\u00e4glichen Komfort entwickelt. Diese Merinotex Wellness-Socken mit Argan\u00f6l unterst\u00fctzen ein weiches, gepflegtes Fu\u00dfgef\u00fchl den ganzen Tag \u00fcber. Die atmungsaktive Merinowolle reguliert auf nat\u00fcrliche Weise die Temperatur, w\u00e4hrend der nicht einschn\u00fcrende Bund f\u00fcr eine sanfte Passform ohne Druck oder Einschneiden sorgt. Ideal f\u00fcr lange Tage, empfindliche Haut und den t\u00e4glichen Gebrauch.<\/p>\n","protected":false},"featured_media":108849,"template":"","meta":{"_acf_changed":false},"product_brand":[2210],"product_cat":[422,61,302,999,2171,1185,71,435,2219,2220],"product_tag":[],"class_list":{"0":"post-108915","1":"product","2":"type-product","3":"status-publish","4":"has-post-thumbnail","6":"product_brand-wundersocks","7":"product_cat-damen-alltagssocken","8":"product_cat-herren-alltagssocken","9":"product_cat-damen","10":"product_cat-herren","11":"product_cat-accessoires-damen-herren-rehabilitation-und-gesundheit","12":"product_cat-damen-valentinstag-geschenkideen","13":"product_cat-herren-wadensocken","14":"product_cat-damen-wadensocken","15":"product_cat-herren-wellness-socken-aloe-argan","16":"product_cat-damen-wellness-socken-aloe-argan","18":"first","19":"instock","20":"sale","21":"shipping-taxable","22":"purchasable","23":"product-type-variable","24":"has-default-attributes","25":"wvs-archive-product-wrapper"},"acf":[],"_links":{"self":[{"href":"https:\/\/www.wundersocks.com\/de\/wp-json\/wp\/v2\/product\/108915","targetHints":{"allow":["GET"]}}],"collection":[{"href":"https:\/\/www.wundersocks.com\/de\/wp-json\/wp\/v2\/product"}],"about":[{"href":"https:\/\/www.wundersocks.com\/de\/wp-json\/wp\/v2\/types\/product"}],"wp:featuredmedia":[{"embeddable":true,"href":"https:\/\/www.wundersocks.com\/de\/wp-json\/wp\/v2\/media\/108849"}],"wp:attachment":[{"href":"https:\/\/www.wundersocks.com\/de\/wp-json\/wp\/v2\/media?parent=108915"}],"wp:term":[{"taxonomy":"product_brand","embeddable":true,"href":"https:\/\/www.wundersocks.com\/de\/wp-json\/wp\/v2\/product_brand?post=108915"},{"taxonomy":"product_cat","embeddable":true,"href":"https:\/\/www.wundersocks.com\/de\/wp-json\/wp\/v2\/product_cat?post=108915"},{"taxonomy":"product_tag","embeddable":true,"href":"https:\/\/www.wundersocks.com\/de\/wp-json\/wp\/v2\/product_tag?post=108915"}],"curies":[{"name":"wp","href":"https:\/\/api.w.org\/{rel}","templated":true}]}}