{"id":108883,"date":"2026-02-17T10:53:10","date_gmt":"2026-03-05T08:22:37","guid":{"rendered":"https:\/\/www.wundersocks.com\/?post_type=product&#038;p=108883"},"modified":"2026-03-05T09:22:38","modified_gmt":"2026-03-05T08:22:38","slug":"merinotex-wellness-socken-mit-arganol-8-pack","status":"publish","type":"product","link":"https:\/\/www.wundersocks.com\/de\/produkt\/merinotex-wellness-socken-mit-arganol-8-pack\/","title":{"rendered":"Merinotex Wellness Socken mit Argan\u00f6l 8-Pack"},"content":{"rendered":"<p>Komfort, der die ganze Woche anh\u00e4lt. Dieses 8er-Pack Merinotex Wellness Socken vereint feine Merinowolle mit pflegendem Argan\u00f6l f\u00fcr sp\u00fcrbar weiche Alltagsschritte. Nat\u00fcrlich atmungsaktiv und temperaturregulierend h\u00e4lt Merinowolle die F\u00fc\u00dfe angenehm warm, ohne zu \u00fcberhitzen. Ideal f\u00fcr empfindliche F\u00fc\u00dfe und lange Tage auf den Beinen.<\/p>\n","protected":false},"excerpt":{"rendered":"<p>Komfort, der die ganze Woche anh\u00e4lt. Dieses 8er-Pack Merinotex Wellness Socken vereint feine Merinowolle mit pflegendem Argan\u00f6l f\u00fcr sp\u00fcrbar weiche Alltagsschritte. Nat\u00fcrlich atmungsaktiv und temperaturregulierend h\u00e4lt Merinowolle die F\u00fc\u00dfe angenehm warm, ohne zu \u00fcberhitzen. Ideal f\u00fcr empfindliche F\u00fc\u00dfe und lange Tage auf den Beinen.<\/p>\n","protected":false},"featured_media":108853,"template":"","meta":{"_acf_changed":false},"product_brand":[2210],"product_cat":[422,61,1964,2171,1184,1185,71,435,2219,2220],"product_tag":[],"class_list":{"0":"post-108883","1":"product","2":"type-product","3":"status-publish","4":"has-post-thumbnail","6":"product_brand-wundersocks","7":"product_cat-damen-alltagssocken","8":"product_cat-herren-alltagssocken","9":"product_cat-muttertagsgeschenke","10":"product_cat-accessoires-damen-herren-rehabilitation-und-gesundheit","11":"product_cat-herren-valentinstag-geschenkideen","12":"product_cat-damen-valentinstag-geschenkideen","13":"product_cat-herren-wadensocken","14":"product_cat-damen-wadensocken","15":"product_cat-herren-wellness-socken-aloe-argan","16":"product_cat-damen-wellness-socken-aloe-argan","18":"first","19":"instock","20":"sale","21":"shipping-taxable","22":"purchasable","23":"product-type-variable","24":"has-default-attributes","25":"wvs-archive-product-wrapper"},"acf":[],"_links":{"self":[{"href":"https:\/\/www.wundersocks.com\/de\/wp-json\/wp\/v2\/product\/108883","targetHints":{"allow":["GET"]}}],"collection":[{"href":"https:\/\/www.wundersocks.com\/de\/wp-json\/wp\/v2\/product"}],"about":[{"href":"https:\/\/www.wundersocks.com\/de\/wp-json\/wp\/v2\/types\/product"}],"wp:featuredmedia":[{"embeddable":true,"href":"https:\/\/www.wundersocks.com\/de\/wp-json\/wp\/v2\/media\/108853"}],"wp:attachment":[{"href":"https:\/\/www.wundersocks.com\/de\/wp-json\/wp\/v2\/media?parent=108883"}],"wp:term":[{"taxonomy":"product_brand","embeddable":true,"href":"https:\/\/www.wundersocks.com\/de\/wp-json\/wp\/v2\/product_brand?post=108883"},{"taxonomy":"product_cat","embeddable":true,"href":"https:\/\/www.wundersocks.com\/de\/wp-json\/wp\/v2\/product_cat?post=108883"},{"taxonomy":"product_tag","embeddable":true,"href":"https:\/\/www.wundersocks.com\/de\/wp-json\/wp\/v2\/product_tag?post=108883"}],"curies":[{"name":"wp","href":"https:\/\/api.w.org\/{rel}","templated":true}]}}