{"id":10862,"date":"2023-08-11T03:27:17","date_gmt":"2023-08-11T01:27:17","guid":{"rendered":"https:\/\/www.wundersocks.com\/product\/trek-gepolsterte-trekking-socken-merinowolle-wandersocken-gegen-blasen-2-pack\/"},"modified":"2026-05-02T22:15:13","modified_gmt":"2026-05-02T20:15:13","slug":"trek-gepolsterte-trekking-socken-merinowolle-wandersocken-gegen-blasen-2-pack","status":"publish","type":"product","link":"https:\/\/www.wundersocks.com\/de\/produkt\/trek-gepolsterte-trekking-socken-merinowolle-wandersocken-gegen-blasen-2-pack\/","title":{"rendered":"Gepolsterte Trekking Socken Merinowolle Wandersocken Gegen Blasen 2-Pack"},"content":{"rendered":"<p>Ob beim Wandern durch das sonnige Tal oder in den Bergen, Trek sind die perfekten Trekking Socken f\u00fcr aktive Sommermenschen. Unsere Trekkingsocken sind aus Merinowolle gefertigt und vollst\u00e4ndig gepolstert. Trek sch\u00fctzt Sie vor schmerzhaften Druckstellen und Blasen bei jedem Sommerabenteuer. Dank des einzigartigen Feuchtigkeitsmanagements der Merinowolle sind Trek die idealen und erfrischenden Sommersocken. Sie halten Ihre F\u00fc\u00dfe trocken, trotz Feuchtigkeit von au\u00dfen und im Schuh. Trek ist \u00e4u\u00dferst widerstandsf\u00e4hig gegen warme F\u00fc\u00dfe.<br \/>\nDie Trekkingsocken sind die beste Wahl f\u00fcr alle Sommersportarten und Wanderungen durch das Tal.<\/p>\n","protected":false},"excerpt":{"rendered":"<p>Ob beim Wandern durch das sonnige Tal oder in den Bergen, Trek sind die perfekten Trekking Socken f\u00fcr aktive Sommermenschen. Unsere Trekkingsocken sind aus Merinowolle gefertigt und vollst\u00e4ndig gepolstert. Trek sch\u00fctzt Sie vor schmerzhaften Druckstellen und Blasen bei jedem Sommerabenteuer. Dank des einzigartigen Feuchtigkeitsmanagements der Merinowolle sind Trek die idealen und erfrischenden Sommersocken. Sie halten [&hellip;]<\/p>\n","protected":false},"featured_media":6044,"template":"","meta":{"_acf_changed":false},"product_brand":[],"product_cat":[302,35,420,36,421,2082,2083,423,37,62],"product_tag":[1168,1193],"class_list":{"0":"post-10862","1":"product","2":"type-product","3":"status-publish","4":"has-post-thumbnail","6":"product_cat-damen","7":"product_cat-herren-socken-nach-aktivitaet","8":"product_cat-damen-socken-nach-aktivitaet","9":"product_cat-herren-socken-nach-laenge","10":"product_cat-damen-socken-nach-laenge","11":"product_cat-damen-ueberwade-socken","12":"product_cat-herren-ueberwade-socken","13":"product_cat-damen-wandersocken","14":"product_cat-herren-wandersocken","15":"product_cat-herren-warme-wintersocken","16":"product_tag-trekking","17":"product_tag-trekking-socken","19":"first","20":"instock","21":"shipping-taxable","22":"purchasable","23":"product-type-variable","24":"has-default-attributes","25":"wvs-archive-product-wrapper"},"acf":[],"_links":{"self":[{"href":"https:\/\/www.wundersocks.com\/de\/wp-json\/wp\/v2\/product\/10862","targetHints":{"allow":["GET"]}}],"collection":[{"href":"https:\/\/www.wundersocks.com\/de\/wp-json\/wp\/v2\/product"}],"about":[{"href":"https:\/\/www.wundersocks.com\/de\/wp-json\/wp\/v2\/types\/product"}],"wp:featuredmedia":[{"embeddable":true,"href":"https:\/\/www.wundersocks.com\/de\/wp-json\/wp\/v2\/media\/6044"}],"wp:attachment":[{"href":"https:\/\/www.wundersocks.com\/de\/wp-json\/wp\/v2\/media?parent=10862"}],"wp:term":[{"taxonomy":"product_brand","embeddable":true,"href":"https:\/\/www.wundersocks.com\/de\/wp-json\/wp\/v2\/product_brand?post=10862"},{"taxonomy":"product_cat","embeddable":true,"href":"https:\/\/www.wundersocks.com\/de\/wp-json\/wp\/v2\/product_cat?post=10862"},{"taxonomy":"product_tag","embeddable":true,"href":"https:\/\/www.wundersocks.com\/de\/wp-json\/wp\/v2\/product_tag?post=10862"}],"curies":[{"name":"wp","href":"https:\/\/api.w.org\/{rel}","templated":true}]}}