{"id":10764,"date":"2023-08-10T03:31:29","date_gmt":"2023-08-10T01:31:29","guid":{"rendered":"https:\/\/www.wundersocks.com\/product\/skitouren-skisocken-merino-tour\/"},"modified":"2026-04-29T11:38:12","modified_gmt":"2026-04-29T09:38:12","slug":"merinowolle-skisocken-tour","status":"publish","type":"product","link":"https:\/\/www.wundersocks.com\/de\/produkt\/merinowolle-skisocken-tour\/","title":{"rendered":"Merinowolle Skisocken, Skitouren Kniestrumpf gegen Blasen Tour"},"content":{"rendered":"<p>Haben Sie genug von kalten F\u00fc\u00dfen und unbequemen Merinowolle Skisocken? Mit unseren Merino Skitourensocken bleiben Ihre F\u00fc\u00dfe den ganzen Tag lang warm und bequem! Unsere Skitourensocken bestehen zu 78% aus Merinowolle und sind so konzipiert, dass sie Ihre F\u00fc\u00dfe vor Blasen und Druckstellen sch\u00fctzen. Wenn Sie ein Outdoor-Fan sind, brauchen Sie unsere Skitourensocken. Sie sind nicht nur leicht und passen sich Ihren F\u00fc\u00dfen gut an, sondern werden auch in Italien hergestellt &#8211; das bedeutet, dass Sie die h\u00f6chste Qualit\u00e4t der Handwerkskunst erhalten.<\/p>\n","protected":false},"excerpt":{"rendered":"<p>Haben Sie genug von kalten F\u00fc\u00dfen und unbequemen Merinowolle Skisocken? Mit unseren Merino Skitourensocken bleiben Ihre F\u00fc\u00dfe den ganzen Tag lang warm und bequem! Unsere Skitourensocken bestehen zu 78% aus Merinowolle und sind so konzipiert, dass sie Ihre F\u00fc\u00dfe vor Blasen und Druckstellen sch\u00fctzen. Wenn Sie ein Outdoor-Fan sind, brauchen Sie unsere Skitourensocken. Sie sind [&hellip;]<\/p>\n","protected":false},"featured_media":8730,"template":"","meta":{"_acf_changed":false},"product_brand":[],"product_cat":[302,999,72,433,63,428,420,35,421,36,429,62],"product_tag":[2033,1212,1170,1047,2036],"class_list":{"0":"post-10764","1":"product","2":"type-product","3":"status-publish","4":"has-post-thumbnail","6":"product_cat-damen","7":"product_cat-herren","8":"product_cat-herren-kniestruempfe","9":"product_cat-damen-kniestruempfe","10":"product_cat-herren-ski-und-snowboard-socken","11":"product_cat-damen-ski-und-snowboard-socken","12":"product_cat-damen-socken-nach-aktivitaet","13":"product_cat-herren-socken-nach-aktivitaet","14":"product_cat-damen-socken-nach-laenge","15":"product_cat-herren-socken-nach-laenge","16":"product_cat-damen-warme-wintersocken","17":"product_cat-herren-warme-wintersocken","18":"product_tag-ski-socks-de","19":"product_tag-skifahren-de-2","20":"product_tag-skitouren","21":"product_tag-warme-wintersocken","22":"product_tag-winter-socks-de","24":"first","25":"instock","26":"featured","27":"shipping-taxable","28":"purchasable","29":"product-type-variable","30":"has-default-attributes","31":"wvs-archive-product-wrapper"},"acf":[],"_links":{"self":[{"href":"https:\/\/www.wundersocks.com\/de\/wp-json\/wp\/v2\/product\/10764","targetHints":{"allow":["GET"]}}],"collection":[{"href":"https:\/\/www.wundersocks.com\/de\/wp-json\/wp\/v2\/product"}],"about":[{"href":"https:\/\/www.wundersocks.com\/de\/wp-json\/wp\/v2\/types\/product"}],"wp:featuredmedia":[{"embeddable":true,"href":"https:\/\/www.wundersocks.com\/de\/wp-json\/wp\/v2\/media\/8730"}],"wp:attachment":[{"href":"https:\/\/www.wundersocks.com\/de\/wp-json\/wp\/v2\/media?parent=10764"}],"wp:term":[{"taxonomy":"product_brand","embeddable":true,"href":"https:\/\/www.wundersocks.com\/de\/wp-json\/wp\/v2\/product_brand?post=10764"},{"taxonomy":"product_cat","embeddable":true,"href":"https:\/\/www.wundersocks.com\/de\/wp-json\/wp\/v2\/product_cat?post=10764"},{"taxonomy":"product_tag","embeddable":true,"href":"https:\/\/www.wundersocks.com\/de\/wp-json\/wp\/v2\/product_tag?post=10764"}],"curies":[{"name":"wp","href":"https:\/\/api.w.org\/{rel}","templated":true}]}}