{"id":106315,"date":"2025-12-10T14:34:32","date_gmt":"2025-12-10T13:34:32","guid":{"rendered":"https:\/\/www.wundersocks.com\/product\/duenne-merino-skisocken-race-lite\/"},"modified":"2026-04-12T17:38:53","modified_gmt":"2026-04-12T15:38:53","slug":"duenne-merino-skisocken-race-lite","status":"publish","type":"product","link":"https:\/\/www.wundersocks.com\/de\/produkt\/duenne-merino-skisocken-race-lite\/","title":{"rendered":"Extra d\u00fcnne Merino Skisocken Race Lite"},"content":{"rendered":"<p>Die Race Lite Extra D\u00fcnnen Merino Skisocken vereinen h\u00f6chste Funktionalit\u00e4t mit maximalem Komfort f\u00fcr ambitionierte Skifahrer. Hergestellt aus 80\u202f% hochwertiger Merinowolle bieten sie nat\u00fcrliche W\u00e4rme, exzellentes Feuchtigkeitsmanagement und ein angenehm weiches Tragegef\u00fchl \u2013 auch bei langen Tagen auf der Piste. Das besonders d\u00fcnne, performance-orientierte Design erm\u00f6glicht einen pr\u00e4zisen Sitz im Skischuh, wodurch Druckstellen vermieden und die Kontrolle beim Skifahren verbessert wird. Dank der atmungsaktiven, schnell trocknenden Merinowolle bleiben die F\u00fc\u00dfe zuverl\u00e4ssig trocken, w\u00e4hrend die nat\u00fcrliche Geruchshemmung f\u00fcr ein frisches Tragegef\u00fchl sorgt. Das weiche Material schmiegt sich sanft an den Fu\u00df an, ohne einzuschneiden, und unterst\u00fctzt so langanhaltenden Komfort bei jeder Abfahrt.<\/p>\n","protected":false},"excerpt":{"rendered":"<p>Die Race Lite Extra D\u00fcnnen Merino Skisocken vereinen h\u00f6chste Funktionalit\u00e4t mit maximalem Komfort f\u00fcr ambitionierte Skifahrer. Hergestellt aus 80\u202f% hochwertiger Merinowolle bieten sie nat\u00fcrliche W\u00e4rme, exzellentes Feuchtigkeitsmanagement und ein angenehm weiches Tragegef\u00fchl \u2013 auch bei langen Tagen auf der Piste. Das besonders d\u00fcnne, performance-orientierte Design erm\u00f6glicht einen pr\u00e4zisen Sitz im Skischuh, wodurch Druckstellen vermieden und [&hellip;]<\/p>\n","protected":false},"featured_media":106311,"template":"","meta":{"_acf_changed":false},"product_brand":[2210],"product_cat":[302,999,72,433,63,428,35,420,36,421],"product_tag":[],"class_list":{"0":"post-106315","1":"product","2":"type-product","3":"status-publish","4":"has-post-thumbnail","6":"product_brand-wundersocks","7":"product_cat-damen","8":"product_cat-herren","9":"product_cat-herren-kniestruempfe","10":"product_cat-damen-kniestruempfe","11":"product_cat-herren-ski-und-snowboard-socken","12":"product_cat-damen-ski-und-snowboard-socken","13":"product_cat-herren-socken-nach-aktivitaet","14":"product_cat-damen-socken-nach-aktivitaet","15":"product_cat-herren-socken-nach-laenge","16":"product_cat-damen-socken-nach-laenge","18":"first","19":"instock","20":"shipping-taxable","21":"purchasable","22":"product-type-variable","23":"has-default-attributes","24":"wvs-archive-product-wrapper"},"acf":[],"_links":{"self":[{"href":"https:\/\/www.wundersocks.com\/de\/wp-json\/wp\/v2\/product\/106315","targetHints":{"allow":["GET"]}}],"collection":[{"href":"https:\/\/www.wundersocks.com\/de\/wp-json\/wp\/v2\/product"}],"about":[{"href":"https:\/\/www.wundersocks.com\/de\/wp-json\/wp\/v2\/types\/product"}],"wp:featuredmedia":[{"embeddable":true,"href":"https:\/\/www.wundersocks.com\/de\/wp-json\/wp\/v2\/media\/106311"}],"wp:attachment":[{"href":"https:\/\/www.wundersocks.com\/de\/wp-json\/wp\/v2\/media?parent=106315"}],"wp:term":[{"taxonomy":"product_brand","embeddable":true,"href":"https:\/\/www.wundersocks.com\/de\/wp-json\/wp\/v2\/product_brand?post=106315"},{"taxonomy":"product_cat","embeddable":true,"href":"https:\/\/www.wundersocks.com\/de\/wp-json\/wp\/v2\/product_cat?post=106315"},{"taxonomy":"product_tag","embeddable":true,"href":"https:\/\/www.wundersocks.com\/de\/wp-json\/wp\/v2\/product_tag?post=106315"}],"curies":[{"name":"wp","href":"https:\/\/api.w.org\/{rel}","templated":true}]}}