{"id":10585,"date":"2023-08-16T15:22:24","date_gmt":"2023-08-16T13:22:24","guid":{"rendered":"https:\/\/www.wundersocks.com\/product\/no-show-socks-men-women-8-pack-merino\/"},"modified":"2026-05-01T06:48:00","modified_gmt":"2026-05-01T04:48:00","slug":"merino-fuesslinge-no-show-8-pack","status":"publish","type":"product","link":"https:\/\/www.wundersocks.com\/de\/produkt\/merino-fuesslinge-no-show-8-pack\/","title":{"rendered":"Merino F\u00fc\u00dflinge Damen &#038; Herren Merino No Show 8-Pack"},"content":{"rendered":"<p>Wenn Sie auf der Suche nach einem Multipack Merino F\u00fc\u00dflinge sind, die Ihre F\u00fc\u00dfe den ganzen Tag \u00fcber bequem halten und dabei stilvoll aussehen, dann ist unser No Show Multipack genau das Richtige f\u00fcr Sie! Die in Italien hergestellten F\u00fc\u00dflinge mit einem hohen Anteil an Merinowolle sind atmungsaktiv, strapazierf\u00e4hig und leicht und eignen sich daher ideal f\u00fcr alle t\u00e4glichen Aktivit\u00e4ten.<\/p>\n","protected":false},"excerpt":{"rendered":"<p>Wenn Sie auf der Suche nach einem Multipack Merino F\u00fc\u00dflinge sind, die Ihre F\u00fc\u00dfe den ganzen Tag \u00fcber bequem halten und dabei stilvoll aussehen, dann ist unser No Show Multipack genau das Richtige f\u00fcr Sie! Die in Italien hergestellten F\u00fc\u00dflinge mit einem hohen Anteil an Merinowolle sind atmungsaktiv, strapazierf\u00e4hig und leicht und eignen sich daher [&hellip;]<\/p>\n","protected":false},"featured_media":5406,"template":"","meta":{"_acf_changed":false},"product_brand":[],"product_cat":[1964,999,35,61,36,434,302,420,422,421,430],"product_tag":[1579,1675,1646,1597,1086,1112],"class_list":{"0":"post-10585","1":"product","2":"type-product","3":"status-publish","4":"has-post-thumbnail","6":"product_cat-muttertagsgeschenke","7":"product_cat-herren","8":"product_cat-herren-socken-nach-aktivitaet","9":"product_cat-herren-alltagssocken","10":"product_cat-herren-socken-nach-laenge","11":"product_cat-herren-fuesslinge-socken","12":"product_cat-damen","13":"product_cat-damen-socken-nach-aktivitaet","14":"product_cat-damen-alltagssocken","15":"product_cat-damen-socken-nach-laenge","16":"product_cat-damen-fuesslinge-socken","17":"product_tag-alltag-de","18":"product_tag-duenne-socken-de","19":"product_tag-fuesslinge-de","20":"product_tag-laessig","21":"product_tag-lifestyle","22":"product_tag-no-show","24":"first","25":"instock","26":"sale","27":"shipping-taxable","28":"purchasable","29":"product-type-variable","30":"has-default-attributes","31":"wvs-archive-product-wrapper"},"acf":[],"_links":{"self":[{"href":"https:\/\/www.wundersocks.com\/de\/wp-json\/wp\/v2\/product\/10585","targetHints":{"allow":["GET"]}}],"collection":[{"href":"https:\/\/www.wundersocks.com\/de\/wp-json\/wp\/v2\/product"}],"about":[{"href":"https:\/\/www.wundersocks.com\/de\/wp-json\/wp\/v2\/types\/product"}],"wp:featuredmedia":[{"embeddable":true,"href":"https:\/\/www.wundersocks.com\/de\/wp-json\/wp\/v2\/media\/5406"}],"wp:attachment":[{"href":"https:\/\/www.wundersocks.com\/de\/wp-json\/wp\/v2\/media?parent=10585"}],"wp:term":[{"taxonomy":"product_brand","embeddable":true,"href":"https:\/\/www.wundersocks.com\/de\/wp-json\/wp\/v2\/product_brand?post=10585"},{"taxonomy":"product_cat","embeddable":true,"href":"https:\/\/www.wundersocks.com\/de\/wp-json\/wp\/v2\/product_cat?post=10585"},{"taxonomy":"product_tag","embeddable":true,"href":"https:\/\/www.wundersocks.com\/de\/wp-json\/wp\/v2\/product_tag?post=10585"}],"curies":[{"name":"wp","href":"https:\/\/api.w.org\/{rel}","templated":true}]}}