{"id":10543,"date":"2023-08-16T16:00:07","date_gmt":"2023-08-16T14:00:07","guid":{"rendered":"https:\/\/www.wundersocks.com\/product\/fuesslinge-damen-herren-merino-12-pack\/"},"modified":"2026-04-19T23:48:50","modified_gmt":"2026-04-19T21:48:50","slug":"merino-fuesslinge-no-show-12-pack","status":"publish","type":"product","link":"https:\/\/www.wundersocks.com\/de\/produkt\/merino-fuesslinge-no-show-12-pack\/","title":{"rendered":"Merino F\u00fc\u00dflinge Damen &#038; Herren Merino No Show 12-Pack"},"content":{"rendered":"<p>Wenn Sie auf der Suche nach den perfekten Multipack Merino F\u00fc\u00dflinge sind, die Ihre F\u00fc\u00dfe bequem halten, ohne dass Sie auf Stil verzichten m\u00fcssen, dann ist unser No Show Multipack genau das Richtige f\u00fcr Sie! Die in Italien mit einem hohen Anteil an Merinowolle hergestellten F\u00fc\u00dflinge sind atmungsaktiv, strapazierf\u00e4hig und leicht und eignen sich daher perfekt f\u00fcr alle t\u00e4glichen Aktivit\u00e4ten.<\/p>\n","protected":false},"excerpt":{"rendered":"<ul>\n<li>F\u00fc\u00dflinge Damen &amp; Herren aus feinster Merinowolle<\/li>\n<li>Im Multipack g\u00fcnstiger<\/li>\n<li>Unsichtbar im Schuh<\/li>\n<li>Mit Anti-Rutsch System an der Ferse (Silikonpad)<\/li>\n<li>Reduzieren Schwei\u00df und Geruchsbildung<\/li>\n<li>Hergestellt in Italien \ud83c\uddee\ud83c\uddf9 (Familienbetrieb)<\/li>\n<\/ul>\n","protected":false},"featured_media":9675,"template":"","meta":{"_acf_changed":false},"product_brand":[],"product_cat":[422,61,302,434,430,999,1964,420,35,421,36],"product_tag":[1579,1675,1646,1597,1117],"class_list":{"0":"post-10543","1":"product","2":"type-product","3":"status-publish","4":"has-post-thumbnail","6":"product_cat-damen-alltagssocken","7":"product_cat-herren-alltagssocken","8":"product_cat-damen","9":"product_cat-herren-fuesslinge-socken","10":"product_cat-damen-fuesslinge-socken","11":"product_cat-herren","12":"product_cat-muttertagsgeschenke","13":"product_cat-damen-socken-nach-aktivitaet","14":"product_cat-herren-socken-nach-aktivitaet","15":"product_cat-damen-socken-nach-laenge","16":"product_cat-herren-socken-nach-laenge","17":"product_tag-alltag-de","18":"product_tag-duenne-socken-de","19":"product_tag-fuesslinge-de","20":"product_tag-laessig","21":"product_tag-sneaker-de","23":"first","24":"instock","25":"sale","26":"shipping-taxable","27":"purchasable","28":"product-type-variable","29":"has-default-attributes","30":"wvs-archive-product-wrapper"},"acf":[],"_links":{"self":[{"href":"https:\/\/www.wundersocks.com\/de\/wp-json\/wp\/v2\/product\/10543","targetHints":{"allow":["GET"]}}],"collection":[{"href":"https:\/\/www.wundersocks.com\/de\/wp-json\/wp\/v2\/product"}],"about":[{"href":"https:\/\/www.wundersocks.com\/de\/wp-json\/wp\/v2\/types\/product"}],"wp:featuredmedia":[{"embeddable":true,"href":"https:\/\/www.wundersocks.com\/de\/wp-json\/wp\/v2\/media\/9675"}],"wp:attachment":[{"href":"https:\/\/www.wundersocks.com\/de\/wp-json\/wp\/v2\/media?parent=10543"}],"wp:term":[{"taxonomy":"product_brand","embeddable":true,"href":"https:\/\/www.wundersocks.com\/de\/wp-json\/wp\/v2\/product_brand?post=10543"},{"taxonomy":"product_cat","embeddable":true,"href":"https:\/\/www.wundersocks.com\/de\/wp-json\/wp\/v2\/product_cat?post=10543"},{"taxonomy":"product_tag","embeddable":true,"href":"https:\/\/www.wundersocks.com\/de\/wp-json\/wp\/v2\/product_tag?post=10543"}],"curies":[{"name":"wp","href":"https:\/\/api.w.org\/{rel}","templated":true}]}}