{"id":10519,"date":"2023-08-11T17:24:09","date_gmt":"2023-08-11T15:24:09","guid":{"rendered":"https:\/\/www.wundersocks.com\/product\/socken-ohne-gummi-extra-weit-3-pack\/"},"modified":"2026-05-05T10:15:57","modified_gmt":"2026-05-05T08:15:57","slug":"merino-socken-ohne-gummi-extraweite-socken-3-pack-alp-wide","status":"publish","type":"product","link":"https:\/\/www.wundersocks.com\/de\/produkt\/merino-socken-ohne-gummi-extraweite-socken-3-pack-alp-wide\/","title":{"rendered":"Merino Socken ohne Gummi extraweit 3-Pack Alp Wide"},"content":{"rendered":"<p>Entdecken Sie ultimativen Komfort mit unserem Alp Wide 3-Pack Merino Socken ohne Gummi, extraweit geschnitten f\u00fcr maximalen Tragekomfort. Diese Socken sind aus hochwertiger Merinowolle gefertigt, die f\u00fcr ihre au\u00dfergew\u00f6hnliche Weichheit und Atmungsaktivit\u00e4t bekannt ist. Der extraweite Schnitt bietet eine entspannte Passform, die Ihre F\u00fc\u00dfe sanft umh\u00fcllt, ohne einzuschneiden oder Druckstellen zu verursachen.<\/p>\n","protected":false},"excerpt":{"rendered":"<p>Entdecken Sie ultimativen Komfort mit unserem Alp Wide 3-Pack Merino Socken ohne Gummi, extraweit geschnitten f\u00fcr maximalen Tragekomfort. Diese Socken sind aus hochwertiger Merinowolle gefertigt, die f\u00fcr ihre au\u00dfergew\u00f6hnliche Weichheit und Atmungsaktivit\u00e4t bekannt ist. Der extraweite Schnitt bietet eine entspannte Passform, die Ihre F\u00fc\u00dfe sanft umh\u00fcllt, ohne einzuschneiden oder Druckstellen zu verursachen.<\/p>\n","protected":false},"featured_media":5505,"template":"","meta":{"_acf_changed":false},"product_brand":[],"product_cat":[61,422,302,1062,1071,999,1055,1056,1072,1066,1075,1064,35,420,36,421,71,435],"product_tag":[1607,1644,1684],"class_list":{"0":"post-10519","1":"product","2":"type-product","3":"status-publish","4":"has-post-thumbnail","6":"product_cat-herren-alltagssocken","7":"product_cat-damen-alltagssocken","8":"product_cat-damen","9":"product_cat-herren-diabetikersocken","10":"product_cat-damen-diabetikersocken","11":"product_cat-herren","12":"product_cat-herren-rehabilitation-und-gesundheit","13":"product_cat-damen-rehabilitation-und-gesundheit","14":"product_cat-herren-socken-fuer-breite-fuesse-und-waden","15":"product_cat-damen-socken-fuer-breite-fuesse-und-waden","16":"product_cat-herren-socken-fuer-geschwollenen-fuesse","17":"product_cat-damen-socken-fuer-geschwollenen-fuesse","18":"product_cat-herren-socken-nach-aktivitaet","19":"product_cat-damen-socken-nach-aktivitaet","20":"product_cat-herren-socken-nach-laenge","21":"product_cat-damen-socken-nach-laenge","22":"product_cat-herren-wadensocken","23":"product_cat-damen-wadensocken","24":"product_tag-extra-weit-de","25":"product_tag-ohne-gummizug","26":"product_tag-weite-duenne-socken","28":"first","29":"instock","30":"sale","31":"shipping-taxable","32":"purchasable","33":"product-type-variable","34":"has-default-attributes","35":"wvs-archive-product-wrapper"},"acf":[],"_links":{"self":[{"href":"https:\/\/www.wundersocks.com\/de\/wp-json\/wp\/v2\/product\/10519","targetHints":{"allow":["GET"]}}],"collection":[{"href":"https:\/\/www.wundersocks.com\/de\/wp-json\/wp\/v2\/product"}],"about":[{"href":"https:\/\/www.wundersocks.com\/de\/wp-json\/wp\/v2\/types\/product"}],"wp:featuredmedia":[{"embeddable":true,"href":"https:\/\/www.wundersocks.com\/de\/wp-json\/wp\/v2\/media\/5505"}],"wp:attachment":[{"href":"https:\/\/www.wundersocks.com\/de\/wp-json\/wp\/v2\/media?parent=10519"}],"wp:term":[{"taxonomy":"product_brand","embeddable":true,"href":"https:\/\/www.wundersocks.com\/de\/wp-json\/wp\/v2\/product_brand?post=10519"},{"taxonomy":"product_cat","embeddable":true,"href":"https:\/\/www.wundersocks.com\/de\/wp-json\/wp\/v2\/product_cat?post=10519"},{"taxonomy":"product_tag","embeddable":true,"href":"https:\/\/www.wundersocks.com\/de\/wp-json\/wp\/v2\/product_tag?post=10519"}],"curies":[{"name":"wp","href":"https:\/\/api.w.org\/{rel}","templated":true}]}}