{"id":10506,"date":"2023-08-11T17:16:39","date_gmt":"2023-08-11T15:16:39","guid":{"rendered":"https:\/\/www.wundersocks.com\/product\/socken-ohne-gummi-extra-weit-3-pack-alp-wide-lite\/"},"modified":"2026-02-28T13:06:56","modified_gmt":"2026-02-28T12:06:56","slug":"extraweite-merino-socken-alp-wide-lite-3-pack","status":"publish","type":"product","link":"https:\/\/www.wundersocks.com\/de\/produkt\/extraweite-merino-socken-alp-wide-lite-3-pack\/","title":{"rendered":"Extraweite Merino Socken (d\u00fcnn) 3-Pack Alp Wide Lite"},"content":{"rendered":"<p>Keine Gummi, extraweite Merino Socken (d\u00fcnn) im 3er-Pack Alp Wide Lite. Diese d\u00fcnnen und extraweiten Socken sind perfekt f\u00fcr Menschen mit geschwollenen F\u00fc\u00dfen, Diabetes oder Durchblutungsproblemen. Durch den Verzicht auf ein elastisches Band schneiden diese Socken nicht in die F\u00fc\u00dfe ein. Mit einem Anteil von 80% Merinowolle bieten sie h\u00f6chsten Komfort.<\/p>\n","protected":false},"excerpt":{"rendered":"<p>Keine Gummi, extraweite Merino Socken (d\u00fcnn) im 3er-Pack Alp Wide Lite. Diese d\u00fcnnen und extraweiten Socken sind perfekt f\u00fcr Menschen mit geschwollenen F\u00fc\u00dfen, Diabetes oder Durchblutungsproblemen. Durch den Verzicht auf ein elastisches Band schneiden diese Socken nicht in die F\u00fc\u00dfe ein. Mit einem Anteil von 80% Merinowolle bieten sie h\u00f6chsten Komfort.<\/p>\n","protected":false},"featured_media":5981,"template":"","meta":{"_acf_changed":false},"product_brand":[],"product_cat":[999,35,61,36,71,1055,1075,1072,1071,302,420,422,421,435,1056,1062,1064,1066],"product_tag":[1011,1885,1606,1607],"class_list":{"0":"post-10506","1":"product","2":"type-product","3":"status-publish","4":"has-post-thumbnail","6":"product_cat-herren","7":"product_cat-herren-socken-nach-aktivitaet","8":"product_cat-herren-alltagssocken","9":"product_cat-herren-socken-nach-laenge","10":"product_cat-herren-wadensocken","11":"product_cat-herren-rehabilitation-und-gesundheit","12":"product_cat-herren-socken-fuer-geschwollenen-fuesse","13":"product_cat-herren-socken-fuer-breite-fuesse-und-waden","14":"product_cat-damen-diabetikersocken","15":"product_cat-damen","16":"product_cat-damen-socken-nach-aktivitaet","17":"product_cat-damen-alltagssocken","18":"product_cat-damen-socken-nach-laenge","19":"product_cat-damen-wadensocken","20":"product_cat-damen-rehabilitation-und-gesundheit","21":"product_cat-herren-diabetikersocken","22":"product_cat-damen-socken-fuer-geschwollenen-fuesse","23":"product_cat-damen-socken-fuer-breite-fuesse-und-waden","24":"product_tag-diabetiker","25":"product_tag-diabetiker-socken","26":"product_tag-extra-thin-de","27":"product_tag-extra-weit-de","29":"first","30":"instock","31":"sale","32":"shipping-taxable","33":"purchasable","34":"product-type-variable","35":"has-default-attributes","36":"wvs-archive-product-wrapper"},"acf":[],"_links":{"self":[{"href":"https:\/\/www.wundersocks.com\/de\/wp-json\/wp\/v2\/product\/10506","targetHints":{"allow":["GET"]}}],"collection":[{"href":"https:\/\/www.wundersocks.com\/de\/wp-json\/wp\/v2\/product"}],"about":[{"href":"https:\/\/www.wundersocks.com\/de\/wp-json\/wp\/v2\/types\/product"}],"wp:featuredmedia":[{"embeddable":true,"href":"https:\/\/www.wundersocks.com\/de\/wp-json\/wp\/v2\/media\/5981"}],"wp:attachment":[{"href":"https:\/\/www.wundersocks.com\/de\/wp-json\/wp\/v2\/media?parent=10506"}],"wp:term":[{"taxonomy":"product_brand","embeddable":true,"href":"https:\/\/www.wundersocks.com\/de\/wp-json\/wp\/v2\/product_brand?post=10506"},{"taxonomy":"product_cat","embeddable":true,"href":"https:\/\/www.wundersocks.com\/de\/wp-json\/wp\/v2\/product_cat?post=10506"},{"taxonomy":"product_tag","embeddable":true,"href":"https:\/\/www.wundersocks.com\/de\/wp-json\/wp\/v2\/product_tag?post=10506"}],"curies":[{"name":"wp","href":"https:\/\/api.w.org\/{rel}","templated":true}]}}