{"id":10480,"date":"2023-08-11T16:04:07","date_gmt":"2023-08-11T14:04:07","guid":{"rendered":"https:\/\/www.wundersocks.com\/product\/gepolsterte-lifestyle-merinowolle-freizeitsocken-4-pack\/"},"modified":"2026-04-30T19:34:20","modified_gmt":"2026-04-30T17:34:20","slug":"merinowolle-freizeitsocken-alp-3-farbig-4-pack","status":"publish","type":"product","link":"https:\/\/www.wundersocks.com\/de\/produkt\/merinowolle-freizeitsocken-alp-3-farbig-4-pack\/","title":{"rendered":"Gepolsterte Lifestyle Merinowolle Freizeitsocken 4 Pack Alp"},"content":{"rendered":"<p>4er-Pack Leicht gepolsterte Lifestyle Merinowolle Freizeitsocken f\u00fcr Alltag und Sport. Diese farbenfrohen Merinowolle Socken bieten eine leichte Polsterung an Ferse, Sohle und Zehen f\u00fcr t\u00e4glichen Komfort. Unsere spezielle Merinowoll-Mischung verhindert Blasenbildung, Schwei\u00df und Reibung. F\u00fcr zus\u00e4tzlichen Komfort haben wir auf elastische B\u00e4nder verzichtet, da unser spezielles, nicht rutschendes Strickmuster den Halt der Socken gew\u00e4hrleistet.<\/p>\n","protected":false},"excerpt":{"rendered":"<p>4er-Pack Leicht gepolsterte Lifestyle Merinowolle Freizeitsocken f\u00fcr Alltag und Sport. Diese farbenfrohen Merinowolle Socken bieten eine leichte Polsterung an Ferse, Sohle und Zehen f\u00fcr t\u00e4glichen Komfort. Unsere spezielle Merinowoll-Mischung verhindert Blasenbildung, Schwei\u00df und Reibung. F\u00fcr zus\u00e4tzlichen Komfort haben wir auf elastische B\u00e4nder verzichtet, da unser spezielles, nicht rutschendes Strickmuster den Halt der Socken gew\u00e4hrleistet.<\/p>\n","protected":false},"featured_media":110861,"template":"","meta":{"_acf_changed":false},"product_brand":[],"product_cat":[61,422,302,65,426,425,38,35,420,421,435],"product_tag":[1084,1086],"class_list":{"0":"post-10480","1":"product","2":"type-product","3":"status-publish","4":"has-post-thumbnail","6":"product_cat-herren-alltagssocken","7":"product_cat-damen-alltagssocken","8":"product_cat-damen","9":"product_cat-herren-fahrradsocken","10":"product_cat-damen-fahrradsocken","11":"product_cat-damen-laufsocken","12":"product_cat-herren-laufsocken","13":"product_cat-herren-socken-nach-aktivitaet","14":"product_cat-damen-socken-nach-aktivitaet","15":"product_cat-damen-socken-nach-laenge","16":"product_cat-damen-wadensocken","17":"product_tag-alltagssocken","18":"product_tag-lifestyle","20":"first","21":"instock","22":"sale","23":"shipping-taxable","24":"purchasable","25":"product-type-variable","26":"has-default-attributes","27":"wvs-archive-product-wrapper"},"acf":[],"_links":{"self":[{"href":"https:\/\/www.wundersocks.com\/de\/wp-json\/wp\/v2\/product\/10480","targetHints":{"allow":["GET"]}}],"collection":[{"href":"https:\/\/www.wundersocks.com\/de\/wp-json\/wp\/v2\/product"}],"about":[{"href":"https:\/\/www.wundersocks.com\/de\/wp-json\/wp\/v2\/types\/product"}],"wp:featuredmedia":[{"embeddable":true,"href":"https:\/\/www.wundersocks.com\/de\/wp-json\/wp\/v2\/media\/110861"}],"wp:attachment":[{"href":"https:\/\/www.wundersocks.com\/de\/wp-json\/wp\/v2\/media?parent=10480"}],"wp:term":[{"taxonomy":"product_brand","embeddable":true,"href":"https:\/\/www.wundersocks.com\/de\/wp-json\/wp\/v2\/product_brand?post=10480"},{"taxonomy":"product_cat","embeddable":true,"href":"https:\/\/www.wundersocks.com\/de\/wp-json\/wp\/v2\/product_cat?post=10480"},{"taxonomy":"product_tag","embeddable":true,"href":"https:\/\/www.wundersocks.com\/de\/wp-json\/wp\/v2\/product_tag?post=10480"}],"curies":[{"name":"wp","href":"https:\/\/api.w.org\/{rel}","templated":true}]}}