{"id":10398,"date":"2023-08-11T16:15:35","date_gmt":"2023-08-11T14:15:35","guid":{"rendered":"https:\/\/www.wundersocks.com\/product\/motorradsocken-merino-funktionssocken\/"},"modified":"2026-01-19T13:19:04","modified_gmt":"2026-01-19T12:19:04","slug":"motorradsocken-aus-merinowolle","status":"publish","type":"product","link":"https:\/\/www.wundersocks.com\/de\/produkt\/motorradsocken-aus-merinowolle\/","title":{"rendered":"Motorradsocken aus Merinowolle Winter &#038; Sommer"},"content":{"rendered":"<p>Sind Sie auf der Suche nach einem Paar Socken, das Ihren Anforderungen auf dem Motorrad gerecht wird? Dann sind unsere Motorradsocken aus Merinowolle genau das Richtige f\u00fcr Sie! Diese aus feinster Merinowolle gefertigten Socken bieten einen weichen und bequemen Sitz, auf den Sie sich verlassen k\u00f6nnen. Au\u00dferdem sind sie ohne elastischen Bund konzipiert, so dass Sie sich keine Sorgen machen m\u00fcssen, dass sie einschneiden.<\/p>\n","protected":false},"excerpt":{"rendered":"<p>Sind Sie auf der Suche nach einem Paar Socken, das Ihren Anforderungen auf dem Motorrad gerecht wird? Dann sind unsere Motorradsocken aus Merinowolle genau das Richtige f\u00fcr Sie! Diese aus feinster Merinowolle gefertigten Socken bieten einen weichen und bequemen Sitz, auf den Sie sich verlassen k\u00f6nnen. Au\u00dferdem sind sie ohne elastischen Bund konzipiert, so dass [&hellip;]<\/p>\n","protected":false},"featured_media":5025,"template":"","meta":{"_acf_changed":false},"product_brand":[],"product_cat":[422,61,302,999,35,420,36,421,435,71],"product_tag":[1641,1639],"class_list":{"0":"post-10398","1":"product","2":"type-product","3":"status-publish","4":"has-post-thumbnail","6":"product_cat-damen-alltagssocken","7":"product_cat-herren-alltagssocken","8":"product_cat-damen","9":"product_cat-herren","10":"product_cat-herren-socken-nach-aktivitaet","11":"product_cat-damen-socken-nach-aktivitaet","12":"product_cat-herren-socken-nach-laenge","13":"product_cat-damen-socken-nach-laenge","14":"product_cat-damen-wadensocken","15":"product_cat-herren-wadensocken","16":"product_tag-mottorrad-socken","17":"product_tag-motorradsocken","19":"first","20":"outofstock","21":"shipping-taxable","22":"purchasable","23":"product-type-variable","24":"has-default-attributes","25":"wvs-archive-product-wrapper"},"acf":[],"_links":{"self":[{"href":"https:\/\/www.wundersocks.com\/de\/wp-json\/wp\/v2\/product\/10398","targetHints":{"allow":["GET"]}}],"collection":[{"href":"https:\/\/www.wundersocks.com\/de\/wp-json\/wp\/v2\/product"}],"about":[{"href":"https:\/\/www.wundersocks.com\/de\/wp-json\/wp\/v2\/types\/product"}],"wp:featuredmedia":[{"embeddable":true,"href":"https:\/\/www.wundersocks.com\/de\/wp-json\/wp\/v2\/media\/5025"}],"wp:attachment":[{"href":"https:\/\/www.wundersocks.com\/de\/wp-json\/wp\/v2\/media?parent=10398"}],"wp:term":[{"taxonomy":"product_brand","embeddable":true,"href":"https:\/\/www.wundersocks.com\/de\/wp-json\/wp\/v2\/product_brand?post=10398"},{"taxonomy":"product_cat","embeddable":true,"href":"https:\/\/www.wundersocks.com\/de\/wp-json\/wp\/v2\/product_cat?post=10398"},{"taxonomy":"product_tag","embeddable":true,"href":"https:\/\/www.wundersocks.com\/de\/wp-json\/wp\/v2\/product_tag?post=10398"}],"curies":[{"name":"wp","href":"https:\/\/api.w.org\/{rel}","templated":true}]}}