{"id":10330,"date":"2023-08-10T02:28:53","date_gmt":"2023-08-10T00:28:53","guid":{"rendered":"https:\/\/www.wundersocks.com\/product\/merinotex-wellness-socken-mit-argan-oel\/"},"modified":"2026-04-22T16:24:21","modified_gmt":"2026-04-22T14:24:21","slug":"merinotex-wellness-socken-mit-argan-oel","status":"publish","type":"product","link":"https:\/\/www.wundersocks.com\/de\/produkt\/merinotex-wellness-socken-mit-argan-oel\/","title":{"rendered":"Merinotex Wellness Socken mit Argan\u00f6l"},"content":{"rendered":"<p>Verw\u00f6hnen Sie Ihre F\u00fc\u00dfe mit diesen luxuri\u00f6sen Merino-Wollsocken mit Argan\u00f6l. Sie sind keine gew\u00f6hnlichen Socken, sondern bieten einen g\u00f6ttlichen Komfort, der den ganzen Tag anh\u00e4lt. Sie sind aus feinster Merinowolle gewebt und perfekt ausbalanciert, um Ihre F\u00fc\u00dfe in den gem\u00fctlichen Momenten des Alltags warm und kuschelig zu halten. Da diese Socken keinen elastischen Bund haben, schneiden sie nicht ein und verursachen kein Unbehagen, sondern bieten Ihren F\u00fc\u00dfen den ganzen Tag lang ein angenehmes Tragegef\u00fchl. Und die Zugabe von Argan\u00f6l sorgt f\u00fcr geschmeidige F\u00fcsse.<\/p>\n","protected":false},"excerpt":{"rendered":"<p>Verw\u00f6hnen Sie Ihre F\u00fc\u00dfe mit diesen luxuri\u00f6sen Merino-Wollsocken mit Argan\u00f6l. Sie sind keine gew\u00f6hnlichen Socken, sondern bieten einen g\u00f6ttlichen Komfort, der den ganzen Tag anh\u00e4lt. Sie sind aus feinster Merinowolle gewebt und perfekt ausbalanciert, um Ihre F\u00fc\u00dfe in den gem\u00fctlichen Momenten des Alltags warm und kuschelig zu halten. Da diese Socken keinen elastischen Bund haben, [&hellip;]<\/p>\n","protected":false},"featured_media":4914,"template":"","meta":{"_acf_changed":false},"product_brand":[],"product_cat":[61,422,302,999,1964,1055,1056,35,420,36,421,71,435,2220,2219],"product_tag":[1622,1892,1086],"class_list":{"0":"post-10330","1":"product","2":"type-product","3":"status-publish","4":"has-post-thumbnail","6":"product_cat-herren-alltagssocken","7":"product_cat-damen-alltagssocken","8":"product_cat-damen","9":"product_cat-herren","10":"product_cat-muttertagsgeschenke","11":"product_cat-herren-rehabilitation-und-gesundheit","12":"product_cat-damen-rehabilitation-und-gesundheit","13":"product_cat-herren-socken-nach-aktivitaet","14":"product_cat-damen-socken-nach-aktivitaet","15":"product_cat-herren-socken-nach-laenge","16":"product_cat-damen-socken-nach-laenge","17":"product_cat-herren-wadensocken","18":"product_cat-damen-wadensocken","19":"product_cat-damen-wellness-socken-aloe-argan","20":"product_cat-herren-wellness-socken-aloe-argan","21":"product_tag-freizeit-de","22":"product_tag-fussentlastung","23":"product_tag-lifestyle","25":"first","26":"instock","27":"shipping-taxable","28":"purchasable","29":"product-type-variable","30":"has-default-attributes","31":"wvs-archive-product-wrapper"},"acf":[],"_links":{"self":[{"href":"https:\/\/www.wundersocks.com\/de\/wp-json\/wp\/v2\/product\/10330","targetHints":{"allow":["GET"]}}],"collection":[{"href":"https:\/\/www.wundersocks.com\/de\/wp-json\/wp\/v2\/product"}],"about":[{"href":"https:\/\/www.wundersocks.com\/de\/wp-json\/wp\/v2\/types\/product"}],"wp:featuredmedia":[{"embeddable":true,"href":"https:\/\/www.wundersocks.com\/de\/wp-json\/wp\/v2\/media\/4914"}],"wp:attachment":[{"href":"https:\/\/www.wundersocks.com\/de\/wp-json\/wp\/v2\/media?parent=10330"}],"wp:term":[{"taxonomy":"product_brand","embeddable":true,"href":"https:\/\/www.wundersocks.com\/de\/wp-json\/wp\/v2\/product_brand?post=10330"},{"taxonomy":"product_cat","embeddable":true,"href":"https:\/\/www.wundersocks.com\/de\/wp-json\/wp\/v2\/product_cat?post=10330"},{"taxonomy":"product_tag","embeddable":true,"href":"https:\/\/www.wundersocks.com\/de\/wp-json\/wp\/v2\/product_tag?post=10330"}],"curies":[{"name":"wp","href":"https:\/\/api.w.org\/{rel}","templated":true}]}}