{"id":103069,"date":"2025-10-07T13:37:45","date_gmt":"2025-10-07T11:37:45","guid":{"rendered":"https:\/\/www.wundersocks.com\/?post_type=product&#038;p=103069"},"modified":"2026-04-24T23:17:38","modified_gmt":"2026-04-24T21:17:38","slug":"merino-socken-fuer-boots-und-schwere-stiefeletten","status":"publish","type":"product","link":"https:\/\/www.wundersocks.com\/de\/produkt\/merino-socken-fuer-boots-und-schwere-stiefeletten\/","title":{"rendered":"Merino Socken f\u00fcr robuste Leder-Schuhe, Boots &#038; Stiefeletten"},"content":{"rendered":"<p>Harte Boots, weiche Socken \u2013 so wird\u2019s bequem.<br \/>\nDiese Wundersocks aus feinster Merinowolle sind ideal f\u00fcr alle, die schwere Lederstiefel wie Doc Martens*, Blundstones* oder \u00e4hnliche Modelle tragen \u2013 aber nicht die Blasen, Druckstellen und das Schwitzen, das oft dazugeh\u00f6ren.<br \/>\nMerinowolle wirkt wie ein nat\u00fcrlicher Puffer: Sie reduziert Reibung, h\u00e4lt deine F\u00fc\u00dfe trocken und neutralisiert Ger\u00fcche.<br \/>\nSo f\u00fchlen sich selbst neue Boots vom ersten Tag an gut an \u2013 bequem, frisch und warm, ganz ohne Kompromisse.<\/p>\n<p><small>*Markennamen dienen nur zur Beschreibung. Keine Verbindung zu den genannten Marken.<\/small><\/p>\n","protected":false},"excerpt":{"rendered":"<p>Harte Boots, weiche Socken \u2013 so wird\u2019s bequem. Diese Wundersocks aus feinster Merinowolle sind ideal f\u00fcr alle, die schwere Lederstiefel wie Doc Martens*, Blundstones* oder \u00e4hnliche Modelle tragen \u2013 aber nicht die Blasen, Druckstellen und das Schwitzen, das oft dazugeh\u00f6ren. Merinowolle wirkt wie ein nat\u00fcrlicher Puffer: Sie reduziert Reibung, h\u00e4lt deine F\u00fc\u00dfe trocken und neutralisiert [&hellip;]<\/p>\n","protected":false},"featured_media":110071,"template":"","meta":{"_acf_changed":false},"product_brand":[2210],"product_cat":[61,422,302,999,35,420],"product_tag":[],"class_list":{"0":"post-103069","1":"product","2":"type-product","3":"status-publish","4":"has-post-thumbnail","6":"product_brand-wundersocks","7":"product_cat-herren-alltagssocken","8":"product_cat-damen-alltagssocken","9":"product_cat-damen","10":"product_cat-herren","11":"product_cat-herren-socken-nach-aktivitaet","12":"product_cat-damen-socken-nach-aktivitaet","14":"first","15":"instock","16":"shipping-taxable","17":"purchasable","18":"product-type-variable","19":"has-default-attributes","20":"wvs-archive-product-wrapper"},"acf":[],"_links":{"self":[{"href":"https:\/\/www.wundersocks.com\/de\/wp-json\/wp\/v2\/product\/103069","targetHints":{"allow":["GET"]}}],"collection":[{"href":"https:\/\/www.wundersocks.com\/de\/wp-json\/wp\/v2\/product"}],"about":[{"href":"https:\/\/www.wundersocks.com\/de\/wp-json\/wp\/v2\/types\/product"}],"wp:featuredmedia":[{"embeddable":true,"href":"https:\/\/www.wundersocks.com\/de\/wp-json\/wp\/v2\/media\/110071"}],"wp:attachment":[{"href":"https:\/\/www.wundersocks.com\/de\/wp-json\/wp\/v2\/media?parent=103069"}],"wp:term":[{"taxonomy":"product_brand","embeddable":true,"href":"https:\/\/www.wundersocks.com\/de\/wp-json\/wp\/v2\/product_brand?post=103069"},{"taxonomy":"product_cat","embeddable":true,"href":"https:\/\/www.wundersocks.com\/de\/wp-json\/wp\/v2\/product_cat?post=103069"},{"taxonomy":"product_tag","embeddable":true,"href":"https:\/\/www.wundersocks.com\/de\/wp-json\/wp\/v2\/product_tag?post=103069"}],"curies":[{"name":"wp","href":"https:\/\/api.w.org\/{rel}","templated":true}]}}