{"id":102945,"date":"2024-05-27T09:10:36","date_gmt":"2024-05-27T07:10:36","guid":{"rendered":"https:\/\/www.wundersocks.com\/product\/merino-wolle-tanktop-damen-unterhemd-naturfaser-baselayer-bara-4er-pack\/"},"modified":"2025-11-01T10:27:23","modified_gmt":"2025-11-01T09:27:23","slug":"merino-wolle-tanktop-damen-unterhemd-naturfaser-baselayer-bara-4er-pack","status":"publish","type":"product","link":"https:\/\/www.wundersocks.com\/de\/produkt\/merino-wolle-tanktop-damen-unterhemd-naturfaser-baselayer-bara-4er-pack\/","title":{"rendered":"Merino Wolle Tanktop Damen Unterhemd Naturfaser Baselayer Bara 4er-Pack"},"content":{"rendered":"<p>Steigere deinen Komfort und Stil mit dem Damen Merino Wolle Tanktop \u2013 ein Premium-Unterhemd, das unvergleichliche Weichheit, Atmungsaktivit\u00e4t und Vielseitigkeit bietet. Gefertigt aus 100% nat\u00fcrlicher Merinowolle ist dieses Tanktop die perfekte Erg\u00e4nzung f\u00fcr deine Garderobe \u2013 ob als w\u00e4rmende Schicht f\u00fcr Outdoor-Abenteuer oder als luxuri\u00f6ser Baselayer f\u00fcr den Alltag.<\/p>\n","protected":false},"excerpt":{"rendered":"<p>Steigere deinen Komfort und Stil mit dem Damen Merino Wolle Tanktop \u2013 ein Premium-Unterhemd, das unvergleichliche Weichheit, Atmungsaktivit\u00e4t und Vielseitigkeit bietet. Gefertigt aus 100% nat\u00fcrlicher Merinowolle ist dieses Tanktop die perfekte Erg\u00e4nzung f\u00fcr deine Garderobe \u2013 ob als w\u00e4rmende Schicht f\u00fcr Outdoor-Abenteuer oder als luxuri\u00f6ser Baselayer f\u00fcr den Alltag.<\/p>\n","protected":false},"featured_media":7541,"template":"","meta":{"_acf_changed":false},"product_brand":[],"product_cat":[302,2071,437,436,2174,443,2027],"product_tag":[1579,1223,1606,1633,1846],"class_list":{"0":"post-102945","1":"product","2":"type-product","3":"status-publish","4":"has-post-thumbnail","6":"product_cat-damen","7":"product_cat-damen-funktionswaesche-baselayer","8":"product_cat-damen-kurzarmshirts","9":"product_cat-damen-merino-bekleidung","10":"product_cat-damen-sommer-essentials","11":"product_cat-damen-tank-und-spaghetti-tops","12":"product_cat-damen-unterwaesche-merino","13":"product_tag-alltag-de","14":"product_tag-base-layer-de","15":"product_tag-extra-thin-de","16":"product_tag-merinowolle-shirt","17":"product_tag-unterhemd","19":"first","20":"instock","21":"sale","22":"shipping-taxable","23":"purchasable","24":"product-type-variable","25":"has-default-attributes","26":"wvs-archive-product-wrapper"},"acf":[],"_links":{"self":[{"href":"https:\/\/www.wundersocks.com\/de\/wp-json\/wp\/v2\/product\/102945","targetHints":{"allow":["GET"]}}],"collection":[{"href":"https:\/\/www.wundersocks.com\/de\/wp-json\/wp\/v2\/product"}],"about":[{"href":"https:\/\/www.wundersocks.com\/de\/wp-json\/wp\/v2\/types\/product"}],"wp:featuredmedia":[{"embeddable":true,"href":"https:\/\/www.wundersocks.com\/de\/wp-json\/wp\/v2\/media\/7541"}],"wp:attachment":[{"href":"https:\/\/www.wundersocks.com\/de\/wp-json\/wp\/v2\/media?parent=102945"}],"wp:term":[{"taxonomy":"product_brand","embeddable":true,"href":"https:\/\/www.wundersocks.com\/de\/wp-json\/wp\/v2\/product_brand?post=102945"},{"taxonomy":"product_cat","embeddable":true,"href":"https:\/\/www.wundersocks.com\/de\/wp-json\/wp\/v2\/product_cat?post=102945"},{"taxonomy":"product_tag","embeddable":true,"href":"https:\/\/www.wundersocks.com\/de\/wp-json\/wp\/v2\/product_tag?post=102945"}],"curies":[{"name":"wp","href":"https:\/\/api.w.org\/{rel}","templated":true}]}}