{"id":102790,"date":"2025-09-30T09:22:01","date_gmt":"2025-10-07T11:22:02","guid":{"rendered":"https:\/\/www.wundersocks.com\/?post_type=product&#038;p=102790"},"modified":"2026-03-18T13:45:40","modified_gmt":"2026-03-18T12:45:40","slug":"merino-woll-crewsocken-mit-mittlerer-polsterung-alp-rings","status":"publish","type":"product","link":"https:\/\/www.wundersocks.com\/de\/produkt\/merino-woll-crewsocken-mit-mittlerer-polsterung-alp-rings\/","title":{"rendered":"Merino-Woll-Crewsocken mit mittlerer Polsterung \u2013 Alp Rings"},"content":{"rendered":"<p>Die Alp Merino Socken\u00a0besitzen ein Baumwollb\u00fcndchen f\u00fcr sanften Halt ohne Druck sowie einen Merino-Fu\u00dfbereich mit weicher Polsterung f\u00fcr nat\u00fcrliche Performance und Komfort. Ob bei der Arbeit, unterwegs oder bei leichten Outdoor-Aktivit\u00e4ten \u2013 diese Socken halten deine F\u00fc\u00dfe frisch, trocken und frei von Blasen.<\/p>\n","protected":false},"excerpt":{"rendered":"<p>Die Alp Merino Socken\u00a0besitzen ein Baumwollb\u00fcndchen f\u00fcr sanften Halt ohne Druck sowie einen Merino-Fu\u00dfbereich mit weicher Polsterung f\u00fcr nat\u00fcrliche Performance und Komfort. Ob bei der Arbeit, unterwegs oder bei leichten Outdoor-Aktivit\u00e4ten \u2013 diese Socken halten deine F\u00fc\u00dfe frisch, trocken und frei von Blasen.<\/p>\n","protected":false},"featured_media":101712,"template":"","meta":{"_acf_changed":false},"product_brand":[2210],"product_cat":[61,422,302,999,35,420,421,36,71,435],"product_tag":[],"class_list":{"0":"post-102790","1":"product","2":"type-product","3":"status-publish","4":"has-post-thumbnail","6":"product_brand-wundersocks","7":"product_cat-herren-alltagssocken","8":"product_cat-damen-alltagssocken","9":"product_cat-damen","10":"product_cat-herren","11":"product_cat-herren-socken-nach-aktivitaet","12":"product_cat-damen-socken-nach-aktivitaet","13":"product_cat-damen-socken-nach-laenge","14":"product_cat-herren-socken-nach-laenge","15":"product_cat-herren-wadensocken","16":"product_cat-damen-wadensocken","18":"first","19":"instock","20":"shipping-taxable","21":"purchasable","22":"product-type-variable","23":"has-default-attributes","24":"wvs-archive-product-wrapper"},"acf":[],"_links":{"self":[{"href":"https:\/\/www.wundersocks.com\/de\/wp-json\/wp\/v2\/product\/102790","targetHints":{"allow":["GET"]}}],"collection":[{"href":"https:\/\/www.wundersocks.com\/de\/wp-json\/wp\/v2\/product"}],"about":[{"href":"https:\/\/www.wundersocks.com\/de\/wp-json\/wp\/v2\/types\/product"}],"wp:featuredmedia":[{"embeddable":true,"href":"https:\/\/www.wundersocks.com\/de\/wp-json\/wp\/v2\/media\/101712"}],"wp:attachment":[{"href":"https:\/\/www.wundersocks.com\/de\/wp-json\/wp\/v2\/media?parent=102790"}],"wp:term":[{"taxonomy":"product_brand","embeddable":true,"href":"https:\/\/www.wundersocks.com\/de\/wp-json\/wp\/v2\/product_brand?post=102790"},{"taxonomy":"product_cat","embeddable":true,"href":"https:\/\/www.wundersocks.com\/de\/wp-json\/wp\/v2\/product_cat?post=102790"},{"taxonomy":"product_tag","embeddable":true,"href":"https:\/\/www.wundersocks.com\/de\/wp-json\/wp\/v2\/product_tag?post=102790"}],"curies":[{"name":"wp","href":"https:\/\/api.w.org\/{rel}","templated":true}]}}