{"id":10209,"date":"2023-08-16T14:26:25","date_gmt":"2023-08-16T12:26:25","guid":{"rendered":"https:\/\/www.wundersocks.com\/product\/fuesslinge-damen-herren-merino-4-pack\/"},"modified":"2026-05-16T12:50:57","modified_gmt":"2026-05-16T10:50:57","slug":"merino-no-show-socken-4-pack","status":"publish","type":"product","link":"https:\/\/www.wundersocks.com\/de\/produkt\/merino-no-show-socken-4-pack\/","title":{"rendered":"Merino No Show F\u00fc\u00dflinge Damen &#038; Herren Merino 4-Pack No Show"},"content":{"rendered":"<p>Diese unsichtbaren Merino No Show Socken werden aus einer hochwertigen, d\u00fcnnen und weichen Merinowolle gefertigt, was sie zum perfekten Begleiter f\u00fcr all Ihre Sneaker-Outfits macht. Sie sind so gestaltet, dass sie unsichtbar bleiben und gleichzeitig maximalen Komfort bieten. Diese Merino No Show Socken verhindern Blasen, Reibung und \u00fcberm\u00e4\u00dfiges Schwitzen. Die feuchtigkeitsableitenden und atmungsaktiven Eigenschaften der Merinowolle sorgen daf\u00fcr, dass Ihre F\u00fc\u00dfe den ganzen Tag \u00fcber trocken und frisch bleiben<\/p>\n","protected":false},"excerpt":{"rendered":"<p>Diese unsichtbaren Merino No Show Socken werden aus einer hochwertigen, d\u00fcnnen und weichen Merinowolle gefertigt, was sie zum perfekten Begleiter f\u00fcr all Ihre Sneaker-Outfits macht. Sie sind so gestaltet, dass sie unsichtbar bleiben und gleichzeitig maximalen Komfort bieten. Diese Merino No Show Socken verhindern Blasen, Reibung und \u00fcberm\u00e4\u00dfiges Schwitzen. Die feuchtigkeitsableitenden und atmungsaktiven Eigenschaften der [&hellip;]<\/p>\n","protected":false},"featured_media":5382,"template":"","meta":{"_acf_changed":false},"product_brand":[],"product_cat":[61,422,302,430,434,999,2174,2177,35,420,36,421],"product_tag":[1606,1646,1112,1670],"class_list":{"0":"post-10209","1":"product","2":"type-product","3":"status-publish","4":"has-post-thumbnail","6":"product_cat-herren-alltagssocken","7":"product_cat-damen-alltagssocken","8":"product_cat-damen","9":"product_cat-damen-fuesslinge-socken","10":"product_cat-herren-fuesslinge-socken","11":"product_cat-herren","12":"product_cat-damen-sommer-essentials","13":"product_cat-herren-sommer-essentials","14":"product_cat-herren-socken-nach-aktivitaet","15":"product_cat-damen-socken-nach-aktivitaet","16":"product_cat-herren-socken-nach-laenge","17":"product_cat-damen-socken-nach-laenge","18":"product_tag-extra-thin-de","19":"product_tag-fuesslinge-de","20":"product_tag-no-show","21":"product_tag-sommer-socken-de","23":"first","24":"instock","25":"sale","26":"shipping-taxable","27":"purchasable","28":"product-type-variable","29":"has-default-attributes","30":"wvs-archive-product-wrapper"},"acf":[],"_links":{"self":[{"href":"https:\/\/www.wundersocks.com\/de\/wp-json\/wp\/v2\/product\/10209","targetHints":{"allow":["GET"]}}],"collection":[{"href":"https:\/\/www.wundersocks.com\/de\/wp-json\/wp\/v2\/product"}],"about":[{"href":"https:\/\/www.wundersocks.com\/de\/wp-json\/wp\/v2\/types\/product"}],"wp:featuredmedia":[{"embeddable":true,"href":"https:\/\/www.wundersocks.com\/de\/wp-json\/wp\/v2\/media\/5382"}],"wp:attachment":[{"href":"https:\/\/www.wundersocks.com\/de\/wp-json\/wp\/v2\/media?parent=10209"}],"wp:term":[{"taxonomy":"product_brand","embeddable":true,"href":"https:\/\/www.wundersocks.com\/de\/wp-json\/wp\/v2\/product_brand?post=10209"},{"taxonomy":"product_cat","embeddable":true,"href":"https:\/\/www.wundersocks.com\/de\/wp-json\/wp\/v2\/product_cat?post=10209"},{"taxonomy":"product_tag","embeddable":true,"href":"https:\/\/www.wundersocks.com\/de\/wp-json\/wp\/v2\/product_tag?post=10209"}],"curies":[{"name":"wp","href":"https:\/\/api.w.org\/{rel}","templated":true}]}}