{"id":10178,"date":"2023-08-08T15:42:38","date_gmt":"2023-08-08T13:42:38","guid":{"rendered":"https:\/\/www.wundersocks.com\/product\/fuesslinge-damen-herren-merino\/"},"modified":"2026-05-08T10:21:14","modified_gmt":"2026-05-08T08:21:14","slug":"merino-fuesslinge-damen-herren-merino","status":"publish","type":"product","link":"https:\/\/www.wundersocks.com\/de\/produkt\/merino-fuesslinge-damen-herren-merino\/","title":{"rendered":"Merino F\u00fc\u00dflinge Damen &#038; Herren No Show Socken"},"content":{"rendered":"<p>Ihre F\u00fc\u00dfe bleiben nicht nur bequem, sondern dank des geruchshemmenden und antibakteriellen Designs auch frisch. Sie k\u00f6nnen sie den ganzen Tag \u00fcber tragen, ohne sich Sorgen zu machen, dass sie riechen oder schmutzig werden. Au\u00dferdem hat die Wolle temperaturausgleichende Eigenschaften, damit Ihre F\u00fc\u00dfe in der Sommerhitze k\u00fchl und trocken bleiben.<\/p>\n","protected":false},"excerpt":{"rendered":"<p>Ihre F\u00fc\u00dfe bleiben nicht nur bequem, sondern dank des geruchshemmenden und antibakteriellen Designs auch frisch. Sie k\u00f6nnen sie den ganzen Tag \u00fcber tragen, ohne sich Sorgen zu machen, dass sie riechen oder schmutzig werden. Au\u00dferdem hat die Wolle temperaturausgleichende Eigenschaften, damit Ihre F\u00fc\u00dfe in der Sommerhitze k\u00fchl und trocken bleiben.<\/p>\n","protected":false},"featured_media":4242,"template":"","meta":{"_acf_changed":false},"product_brand":[],"product_cat":[2174,2177,999,35,61,36,434,302,420,422,421,430],"product_tag":[1579,1606,1622,1646,1112],"class_list":{"0":"post-10178","1":"product","2":"type-product","3":"status-publish","4":"has-post-thumbnail","6":"product_cat-damen-sommer-essentials","7":"product_cat-herren-sommer-essentials","8":"product_cat-herren","9":"product_cat-herren-socken-nach-aktivitaet","10":"product_cat-herren-alltagssocken","11":"product_cat-herren-socken-nach-laenge","12":"product_cat-herren-fuesslinge-socken","13":"product_cat-damen","14":"product_cat-damen-socken-nach-aktivitaet","15":"product_cat-damen-alltagssocken","16":"product_cat-damen-socken-nach-laenge","17":"product_cat-damen-fuesslinge-socken","18":"product_tag-alltag-de","19":"product_tag-extra-thin-de","20":"product_tag-freizeit-de","21":"product_tag-fuesslinge-de","22":"product_tag-no-show","24":"first","25":"instock","26":"shipping-taxable","27":"purchasable","28":"product-type-variable","29":"has-default-attributes","30":"wvs-archive-product-wrapper"},"acf":[],"_links":{"self":[{"href":"https:\/\/www.wundersocks.com\/de\/wp-json\/wp\/v2\/product\/10178","targetHints":{"allow":["GET"]}}],"collection":[{"href":"https:\/\/www.wundersocks.com\/de\/wp-json\/wp\/v2\/product"}],"about":[{"href":"https:\/\/www.wundersocks.com\/de\/wp-json\/wp\/v2\/types\/product"}],"wp:featuredmedia":[{"embeddable":true,"href":"https:\/\/www.wundersocks.com\/de\/wp-json\/wp\/v2\/media\/4242"}],"wp:attachment":[{"href":"https:\/\/www.wundersocks.com\/de\/wp-json\/wp\/v2\/media?parent=10178"}],"wp:term":[{"taxonomy":"product_brand","embeddable":true,"href":"https:\/\/www.wundersocks.com\/de\/wp-json\/wp\/v2\/product_brand?post=10178"},{"taxonomy":"product_cat","embeddable":true,"href":"https:\/\/www.wundersocks.com\/de\/wp-json\/wp\/v2\/product_cat?post=10178"},{"taxonomy":"product_tag","embeddable":true,"href":"https:\/\/www.wundersocks.com\/de\/wp-json\/wp\/v2\/product_tag?post=10178"}],"curies":[{"name":"wp","href":"https:\/\/api.w.org\/{rel}","templated":true}]}}