{"id":10121,"date":"2023-08-08T15:47:26","date_gmt":"2023-08-08T13:47:26","guid":{"rendered":"https:\/\/www.wundersocks.com\/product\/merino-wolle-sneaker-socken-sand\/"},"modified":"2026-05-04T21:28:01","modified_gmt":"2026-05-04T19:28:01","slug":"merino-wolle-sneaker-socken-sand","status":"publish","type":"product","link":"https:\/\/www.wundersocks.com\/de\/produkt\/merino-wolle-sneaker-socken-sand\/","title":{"rendered":"Merino Sneaker Socken Sand"},"content":{"rendered":"<p>Verw\u00f6hnen Sie Ihre F\u00fc\u00dfe mit unseren Sneaker Socken aus feinster Merinowolle! Sp\u00fcren Sie den wohltuenden Komfort, den diese Socken aus 80 % Merinowolle ausstrahlt, die besonders weich, vielseitig und leicht ist. Die spezielle Materialmischung dieser Socke hilft Ihnen, alle Unannehmlichkeiten zu bek\u00e4mpfen, die mit Schwei\u00df an den F\u00fc\u00dfen, Blasen, Scheuerstellen und den gef\u00fcrchteten Druckstellen verbunden sind.<\/p>\n","protected":false},"excerpt":{"rendered":"<p>Verw\u00f6hnen Sie Ihre F\u00fc\u00dfe mit unseren Sneaker Socken aus feinster Merinowolle! Sp\u00fcren Sie den wohltuenden Komfort, den diese Socken aus 80 % Merinowolle ausstrahlt, die besonders weich, vielseitig und leicht ist. Die spezielle Materialmischung dieser Socke hilft Ihnen, alle Unannehmlichkeiten zu bek\u00e4mpfen, die mit Schwei\u00df an den F\u00fc\u00dfen, Blasen, Scheuerstellen und den gef\u00fcrchteten Druckstellen verbunden [&hellip;]<\/p>\n","protected":false},"featured_media":4773,"template":"","meta":{"_acf_changed":false},"product_brand":[2210],"product_cat":[35,61,36,892,302,420,422,421,431],"product_tag":[1579,1675,1584,1117,1664],"class_list":{"0":"post-10121","1":"product","2":"type-product","3":"status-publish","4":"has-post-thumbnail","6":"product_brand-wundersocks","7":"product_cat-herren-socken-nach-aktivitaet","8":"product_cat-herren-alltagssocken","9":"product_cat-herren-socken-nach-laenge","10":"product_cat-herren-sneakersocken","11":"product_cat-damen","12":"product_cat-damen-socken-nach-aktivitaet","13":"product_cat-damen-alltagssocken","14":"product_cat-damen-socken-nach-laenge","15":"product_cat-damen-sneaker-socken","16":"product_tag-alltag-de","17":"product_tag-duenne-socken-de","18":"product_tag-knoechelsocken","19":"product_tag-sneaker-de","20":"product_tag-sneaker-socken-de","22":"first","23":"instock","24":"shipping-taxable","25":"purchasable","26":"product-type-variable","27":"has-default-attributes","28":"wvs-archive-product-wrapper"},"acf":[],"_links":{"self":[{"href":"https:\/\/www.wundersocks.com\/de\/wp-json\/wp\/v2\/product\/10121","targetHints":{"allow":["GET"]}}],"collection":[{"href":"https:\/\/www.wundersocks.com\/de\/wp-json\/wp\/v2\/product"}],"about":[{"href":"https:\/\/www.wundersocks.com\/de\/wp-json\/wp\/v2\/types\/product"}],"wp:featuredmedia":[{"embeddable":true,"href":"https:\/\/www.wundersocks.com\/de\/wp-json\/wp\/v2\/media\/4773"}],"wp:attachment":[{"href":"https:\/\/www.wundersocks.com\/de\/wp-json\/wp\/v2\/media?parent=10121"}],"wp:term":[{"taxonomy":"product_brand","embeddable":true,"href":"https:\/\/www.wundersocks.com\/de\/wp-json\/wp\/v2\/product_brand?post=10121"},{"taxonomy":"product_cat","embeddable":true,"href":"https:\/\/www.wundersocks.com\/de\/wp-json\/wp\/v2\/product_cat?post=10121"},{"taxonomy":"product_tag","embeddable":true,"href":"https:\/\/www.wundersocks.com\/de\/wp-json\/wp\/v2\/product_tag?post=10121"}],"curies":[{"name":"wp","href":"https:\/\/api.w.org\/{rel}","templated":true}]}}