{"id":101033,"date":"2025-09-10T14:08:47","date_gmt":"2025-09-10T12:59:42","guid":{"rendered":"https:\/\/www.wundersocks.com\/?post_type=product&#038;p=101033"},"modified":"2026-05-06T21:57:46","modified_gmt":"2026-05-06T19:57:46","slug":"merino-kompressionssocken-fur-sport-running-ski-outdoor","status":"publish","type":"product","link":"https:\/\/www.wundersocks.com\/de\/produkt\/merino-kompressionssocken-fur-sport-running-ski-outdoor\/","title":{"rendered":"Merino Kompressionssocken f\u00fcr Sport, Running, Ski &#038; Outdoor"},"content":{"rendered":"<p><strong>Maximale Leistung, nat\u00fcrliche Regeneration.<\/strong><br \/>\nUnsere <strong>Merino Kompressionsstr\u00fcmpfe<\/strong> vereinen die Vorteile hochwertiger Kompression mit den einzigartigen Eigenschaften von Merinowolle. Entwickelt f\u00fcr Sportler*innen, die mehr wollen: mehr Ausdauer, mehr Komfort, weniger Erm\u00fcdung.<\/p>\n<p><strong>Warum Kompression + Merino?<\/strong><br \/>\nW\u00e4hrend die Kompression deine Muskeln stabilisiert, die Durchblutung f\u00f6rdert und Schwellungen reduziert, sorgt die Merinowolle f\u00fcr ein unvergleichliches Klima am Fu\u00df. Kein \u00dcberhitzen, keine Feuchtigkeit, keine Ger\u00fcche \u2013 nur pure Performance.<\/p>\n<p><strong>Egal ob beim Marathon, auf der Piste oder im Gel\u00e4nde<\/strong> \u2013 die Merino Kompressionsstr\u00fcmpfen unterst\u00fctzen dich dort, wo andere Socken l\u00e4ngst versagen. Blasenfrei, geruchsfrei, und immer bereit f\u00fcr dein n\u00e4chstes Abenteuer.<\/p>\n<p><strong>Produziert in Italien. Getragen von Sportlern. Geliebt von Abenteurern.<\/strong><\/p>\n","protected":false},"excerpt":{"rendered":"<p>Maximale Leistung, nat\u00fcrliche Regeneration. Unsere Merino Kompressionsstr\u00fcmpfe vereinen die Vorteile hochwertiger Kompression mit den einzigartigen Eigenschaften von Merinowolle. Entwickelt f\u00fcr Sportler*innen, die mehr wollen: mehr Ausdauer, mehr Komfort, weniger Erm\u00fcdung. Warum Kompression + Merino? W\u00e4hrend die Kompression deine Muskeln stabilisiert, die Durchblutung f\u00f6rdert und Schwellungen reduziert, sorgt die Merinowolle f\u00fcr ein unvergleichliches Klima am Fu\u00df. [&hellip;]<\/p>\n","protected":false},"featured_media":104666,"template":"","meta":{"_acf_changed":false},"product_brand":[2210],"product_cat":[999,35,61,2202,37,2110,38,2112,63,1182,36,72,302,420,422,426,2204,425,423,428,2118,1183,421,433],"product_tag":[],"class_list":{"0":"post-101033","1":"product","2":"type-product","3":"status-publish","4":"has-post-thumbnail","6":"product_brand-wundersocks","7":"product_cat-herren","8":"product_cat-herren-socken-nach-aktivitaet","9":"product_cat-herren-alltagssocken","10":"product_cat-herren-merino-kompressionssocken","11":"product_cat-herren-wandersocken","12":"product_cat-herren-padel-tennis-socken","13":"product_cat-herren-laufsocken","14":"product_cat-herren-trail-running-socken","15":"product_cat-herren-ski-und-snowboard-socken","16":"product_cat-herren-pickleball-socken","17":"product_cat-herren-socken-nach-laenge","18":"product_cat-herren-kniestruempfe","19":"product_cat-damen","20":"product_cat-damen-socken-nach-aktivitaet","21":"product_cat-damen-alltagssocken","22":"product_cat-damen-fahrradsocken","23":"product_cat-damen-merino-kompressionssocken","24":"product_cat-damen-laufsocken","25":"product_cat-damen-wandersocken","26":"product_cat-damen-ski-und-snowboard-socken","27":"product_cat-damen-trail-running-socken","28":"product_cat-damen-pickleball-socken","29":"product_cat-damen-socken-nach-laenge","30":"product_cat-damen-kniestruempfe","32":"first","33":"instock","34":"shipping-taxable","35":"purchasable","36":"product-type-variable","37":"has-default-attributes","38":"wvs-archive-product-wrapper"},"acf":[],"_links":{"self":[{"href":"https:\/\/www.wundersocks.com\/de\/wp-json\/wp\/v2\/product\/101033","targetHints":{"allow":["GET"]}}],"collection":[{"href":"https:\/\/www.wundersocks.com\/de\/wp-json\/wp\/v2\/product"}],"about":[{"href":"https:\/\/www.wundersocks.com\/de\/wp-json\/wp\/v2\/types\/product"}],"wp:featuredmedia":[{"embeddable":true,"href":"https:\/\/www.wundersocks.com\/de\/wp-json\/wp\/v2\/media\/104666"}],"wp:attachment":[{"href":"https:\/\/www.wundersocks.com\/de\/wp-json\/wp\/v2\/media?parent=101033"}],"wp:term":[{"taxonomy":"product_brand","embeddable":true,"href":"https:\/\/www.wundersocks.com\/de\/wp-json\/wp\/v2\/product_brand?post=101033"},{"taxonomy":"product_cat","embeddable":true,"href":"https:\/\/www.wundersocks.com\/de\/wp-json\/wp\/v2\/product_cat?post=101033"},{"taxonomy":"product_tag","embeddable":true,"href":"https:\/\/www.wundersocks.com\/de\/wp-json\/wp\/v2\/product_tag?post=101033"}],"curies":[{"name":"wp","href":"https:\/\/api.w.org\/{rel}","templated":true}]}}