{"id":10058,"date":"2023-08-11T15:39:13","date_gmt":"2023-08-11T13:39:13","guid":{"rendered":"https:\/\/www.wundersocks.com\/product\/gepolsterte-merinowolle-freizeit-und-sportsocken\/"},"modified":"2026-04-19T19:06:17","modified_gmt":"2026-04-19T17:06:17","slug":"gepolsterte-merinowolle-freizeit-und-sportsocken","status":"publish","type":"product","link":"https:\/\/www.wundersocks.com\/de\/produkt\/gepolsterte-merinowolle-freizeit-und-sportsocken\/","title":{"rendered":"Gepolsterte Merinowolle Freizeit und Sportsocken 8-Pack Go"},"content":{"rendered":"<p>Die weiche Merinowolle und die leichte Polsterung an Sohle, Ferse und Zehen sch\u00fctzen Ihre Haut in jeder Situation. Diese Merinowoll-Kn\u00f6chelsocken sind perfekt f\u00fcr jede k\u00f6rperliche Aktivit\u00e4t, aber auch f\u00fcr Ihren t\u00e4glichen Lebensstil. Unser hoher Anteil an Merinowolle (80%) verhindert Blasen, Reibung und Schwei\u00df. Dank des hohen Anteils an Merinowolle k\u00f6nnen Sie unsere Kn\u00f6chelsocken mehrere Tage lang tragen, ohne sie waschen zu m\u00fcssen.<\/p>\n","protected":false},"excerpt":{"rendered":"<p>Die weiche Merinowolle und die leichte Polsterung an Sohle, Ferse und Zehen sch\u00fctzen Ihre Haut in jeder Situation. Diese Merinowoll-Kn\u00f6chelsocken sind perfekt f\u00fcr jede k\u00f6rperliche Aktivit\u00e4t, aber auch f\u00fcr Ihren t\u00e4glichen Lebensstil. Unser hoher Anteil an Merinowolle (80%) verhindert Blasen, Reibung und Schwei\u00df. Dank des hohen Anteils an Merinowolle k\u00f6nnen Sie unsere Kn\u00f6chelsocken mehrere Tage [&hellip;]<\/p>\n","protected":false},"featured_media":8778,"template":"","meta":{"_acf_changed":false},"product_brand":[],"product_cat":[61,422,302,2114,2116,706,432,35,420,36,421],"product_tag":[1582,1576,1612],"class_list":{"0":"post-10058","1":"product","2":"type-product","3":"status-publish","4":"has-post-thumbnail","6":"product_cat-herren-alltagssocken","7":"product_cat-damen-alltagssocken","8":"product_cat-damen","9":"product_cat-herren-golf-socken","10":"product_cat-damen-golf-socken","11":"product_cat-herren-knoechelsocken","12":"product_cat-damen-knoechelsocken","13":"product_cat-herren-socken-nach-aktivitaet","14":"product_cat-damen-socken-nach-aktivitaet","15":"product_cat-herren-socken-nach-laenge","16":"product_cat-damen-socken-nach-laenge","17":"product_tag-laufen","18":"product_tag-ciclismo","19":"product_tag-wandern-de","21":"first","22":"instock","23":"sale","24":"shipping-taxable","25":"purchasable","26":"product-type-variable","27":"has-default-attributes","28":"wvs-archive-product-wrapper"},"acf":[],"_links":{"self":[{"href":"https:\/\/www.wundersocks.com\/de\/wp-json\/wp\/v2\/product\/10058","targetHints":{"allow":["GET"]}}],"collection":[{"href":"https:\/\/www.wundersocks.com\/de\/wp-json\/wp\/v2\/product"}],"about":[{"href":"https:\/\/www.wundersocks.com\/de\/wp-json\/wp\/v2\/types\/product"}],"wp:featuredmedia":[{"embeddable":true,"href":"https:\/\/www.wundersocks.com\/de\/wp-json\/wp\/v2\/media\/8778"}],"wp:attachment":[{"href":"https:\/\/www.wundersocks.com\/de\/wp-json\/wp\/v2\/media?parent=10058"}],"wp:term":[{"taxonomy":"product_brand","embeddable":true,"href":"https:\/\/www.wundersocks.com\/de\/wp-json\/wp\/v2\/product_brand?post=10058"},{"taxonomy":"product_cat","embeddable":true,"href":"https:\/\/www.wundersocks.com\/de\/wp-json\/wp\/v2\/product_cat?post=10058"},{"taxonomy":"product_tag","embeddable":true,"href":"https:\/\/www.wundersocks.com\/de\/wp-json\/wp\/v2\/product_tag?post=10058"}],"curies":[{"name":"wp","href":"https:\/\/api.w.org\/{rel}","templated":true}]}}